{"id":10246,"date":"2025-03-05T12:41:39","date_gmt":"2025-03-05T11:41:39","guid":{"rendered":"https:\/\/www.jakec.si\/fuenf-sterne-erlebnis-bei-jakci\/"},"modified":"2026-05-06T08:00:01","modified_gmt":"2026-05-06T07:00:01","slug":"pohorje-shatzsuche","status":"publish","type":"page","link":"https:\/\/www.jakec.si\/de\/pohorje-shatzsuche\/","title":{"rendered":"POHORJE SHATZSUCHE"},"content":{"rendered":"\t\t<div data-elementor-type=\"wp-page\" data-elementor-id=\"10246\" class=\"elementor elementor-10246 elementor-9965\" data-elementor-post-type=\"page\">\n\t\t\t\t<div class=\"elementor-element elementor-element-3484828 e-flex e-con-boxed e-con e-parent\" data-id=\"3484828\" data-element_type=\"container\">\n\t\t\t\t\t<div class=\"e-con-inner\">\n\t\t<div class=\"elementor-element elementor-element-e1f0e24 e-con-full e-flex e-con e-child\" data-id=\"e1f0e24\" data-element_type=\"container\">\n\t\t\t\t<div class=\"elementor-element elementor-element-c2055ca elementor-widget elementor-widget-text-editor\" data-id=\"c2055ca\" data-element_type=\"widget\" data-widget_type=\"text-editor.default\">\n\t\t\t\t<div class=\"elementor-widget-container\">\n\t\t\t\t\t\t\t<p data-start=\"32\" data-end=\"91\">M\u00f6chten Sie Pohorje in seiner ganzen Authentizit\u00e4t erleben?<\/p>\n<p><\/p>\n<p data-start=\"93\" data-end=\"163\">Dann ist das <strong>F\u00dcNF-STERNE-ERLEBNIS BEI JAKCI<\/strong> die richtige Wahl f\u00fcr Sie!<\/p>\n<p><\/p>\n<p data-start=\"165\" data-end=\"193\">Was beinhaltet das Erlebnis?<\/p>\n<p><\/p>\n<p data-start=\"195\" data-end=\"730\">Hausgemachtes Jakci-Mittagessen: Hausgemachte Schlachtplatte mit Leber, Bratwurst, Blutwurst, Koteletts, Wildschwein aus dem Brotbackofen, verschiedene Beilagen und Salat. Panoramafahrt mit dem neuen Vierersessellift auf den Veliki vrh. 1 Stunde Klettern mit einem Animator an der Boulderwand und der hohen Kletterwand. Wanderung mit einem F\u00fchrer zum \u010crno jezero (Schwarzer See). Holzs\u00e4gen mit der \u201ccuk\u201d-S\u00e4ge. Wanderung zur Osankarica und Verpflegung mit \u201ePohorski \u0161krnicll\u201c: Pohorska Bunka, hausgemachte Wildsalami, Brot aus dem Holzofen.<\/p>\n\t\t\t\t\t\t<\/div>\n\t\t\t\t<\/div>\n\t\t\t\t<\/div>\n\t\t<div class=\"elementor-element elementor-element-e380dc6 e-con-full e-flex e-con e-child\" data-id=\"e380dc6\" data-element_type=\"container\">\n\t\t\t\t<div class=\"elementor-element elementor-element-8069b29 elementor-widget elementor-widget-image\" data-id=\"8069b29\" data-element_type=\"widget\" data-widget_type=\"image.default\">\n\t\t\t\t<div class=\"elementor-widget-container\">\n\t\t\t\t\t\t\t\t\t\t\t\t\t\t<a href=\"\">\n\t\t\t\t\t\t\t<img data-rjs=\"2\" fetchpriority=\"high\" decoding=\"async\" width=\"940\" height=\"788\" src=\"https:\/\/www.jakec.si\/wp-content\/uploads\/2026\/04\/treasure-hunt-Facebook-Post-2.png\" class=\"attachment-large size-large wp-image-12569\" alt=\"\" srcset=\"https:\/\/www.jakec.si\/wp-content\/uploads\/2026\/04\/treasure-hunt-Facebook-Post-2.png 940w, https:\/\/www.jakec.si\/wp-content\/uploads\/2026\/04\/treasure-hunt-Facebook-Post-2-300x251.png 300w, https:\/\/www.jakec.si\/wp-content\/uploads\/2026\/04\/treasure-hunt-Facebook-Post-2-768x644.png 768w, https:\/\/www.jakec.si\/wp-content\/uploads\/2026\/04\/treasure-hunt-Facebook-Post-2-95x80.png 95w, https:\/\/www.jakec.si\/wp-content\/uploads\/2026\/04\/treasure-hunt-Facebook-Post-2-361x303.png 361w, https:\/\/www.jakec.si\/wp-content\/uploads\/2026\/04\/treasure-hunt-Facebook-Post-2-835x700.png 835w, https:\/\/www.jakec.si\/wp-content\/uploads\/2026\/04\/treasure-hunt-Facebook-Post-2-119x100.png 119w, https:\/\/www.jakec.si\/wp-content\/uploads\/2026\/04\/treasure-hunt-Facebook-Post-2-600x503.png 600w\" sizes=\"(max-width: 940px) 100vw, 940px\" \/>\t\t\t\t\t\t\t\t<\/a>\n\t\t\t\t\t\t\t\t\t\t\t\t\t<\/div>\n\t\t\t\t<\/div>\n\t\t\t\t<\/div>\n\t\t\t\t\t<\/div>\n\t\t\t\t<\/div>\n\t\t<div class=\"elementor-element elementor-element-b4ab265 e-flex e-con-boxed e-con e-parent\" data-id=\"b4ab265\" data-element_type=\"container\">\n\t\t\t\t\t<div class=\"e-con-inner\">\n\t\t\t\t<div class=\"elementor-element elementor-element-0776cca elementor-widget elementor-widget-heading\" data-id=\"0776cca\" data-element_type=\"widget\" data-widget_type=\"heading.default\">\n\t\t\t\t<div class=\"elementor-widget-container\">\n\t\t\t<h2 class=\"elementor-heading-title elementor-size-default\">Preiseliste<\/h2>\t\t<\/div>\n\t\t\t\t<\/div>\n\t\t\t\t\t<\/div>\n\t\t\t\t<\/div>\n\t\t<div class=\"elementor-element elementor-element-d07c91e e-flex e-con-boxed e-con e-parent\" data-id=\"d07c91e\" data-element_type=\"container\">\n\t\t\t\t\t<div class=\"e-con-inner\">\n\t\t\t\t<div class=\"elementor-element elementor-element-d00c2cb elementor-widget elementor-widget-price-table\" data-id=\"d00c2cb\" data-element_type=\"widget\" data-widget_type=\"price-table.default\">\n\t\t\t\t<div class=\"elementor-widget-container\">\n\t\t\t\n\t\t<div class=\"elementor-price-table\">\n\t\t\t\t\t\t\t<div class=\"elementor-price-table__header\">\n\t\t\t\t\t\t\t\t\t\t\t<h3 class=\"elementor-price-table__heading\">\n\t\t\t\t\t\tPOHORJE SHATZSUCHE\t\t\t\t\t\t<\/h3>\n\t\t\t\t\t\n\t\t\t\t\t\t\t\t\t\t\t<span class=\"elementor-price-table__subheading\">\n\t\t\t\t\t\t\tPREISELISTE\t\t\t\t\t\t<\/span>\n\t\t\t\t\t\t\t\t\t<\/div>\n\t\t\t\n\t\t\t<div class=\"elementor-price-table__price\">\n\t\t\t\t\t\t\t\t\t\t\t\t\t\t\t\t\t<span class=\"elementor-price-table__integer-part\">\n\t\t\t\t\t\tvon 140\u20ac*\t\t\t\t\t<\/span>\n\t\t\t\t\n\t\t\t\t\n\t\t\t\t\n\t\t\t\t\t\t\t\t\t<span class=\"elementor-price-table__period elementor-typo-excluded\">\/Person<\/span>\t\t\t\t\t\t\t<\/div>\n\n\t\t\t\t\t\t\t<ul class=\"elementor-price-table__features-list\">\n\t\t\t\t\t\t\t\t\t\t\t<li class=\"elementor-repeater-item-917b0d4\">\n\t\t\t\t\t\t\t<div class=\"elementor-price-table__feature-inner\">\n\t\t\t\t\t\t\t\t<i aria-hidden=\"true\" class=\"fas fa-leaf\"><\/i>\t\t\t\t\t\t\t\t\t\t\t\t\t\t\t\t\t<span >\n\t\t\t\t\t\t\t\t\t\tEinmalige Natur\t\t\t\t\t\t\t\t\t<\/span>\n\t\t\t\t\t\t\t\t\t\t\t\t\t\t\t\t<\/div>\n\t\t\t\t\t\t<\/li>\n\t\t\t\t\t\t\t\t\t\t\t<li class=\"elementor-repeater-item-04cddbf\">\n\t\t\t\t\t\t\t<div class=\"elementor-price-table__feature-inner\">\n\t\t\t\t\t\t\t\t<i aria-hidden=\"true\" class=\"th-linea icon th-linea icon-basic-magnifier\"><\/i>\t\t\t\t\t\t\t\t\t\t\t\t\t\t\t\t\t<span >\n\t\t\t\t\t\t\t\t\t\tTipps zur Schatzsuche\t\t\t\t\t\t\t\t\t<\/span>\n\t\t\t\t\t\t\t\t\t\t\t\t\t\t\t\t<\/div>\n\t\t\t\t\t\t<\/li>\n\t\t\t\t\t\t\t\t\t\t\t<li class=\"elementor-repeater-item-be18bad\">\n\t\t\t\t\t\t\t<div class=\"elementor-price-table__feature-inner\">\n\t\t\t\t\t\t\t\t<i aria-hidden=\"true\" class=\"fas fa-angle-double-up\"><\/i>\t\t\t\t\t\t\t\t\t\t\t\t\t\t\t\t\t<span >\n\t\t\t\t\t\t\t\t\t\tAdrenalin-Erlebnis\t\t\t\t\t\t\t\t\t<\/span>\n\t\t\t\t\t\t\t\t\t\t\t\t\t\t\t\t<\/div>\n\t\t\t\t\t\t<\/li>\n\t\t\t\t\t\t\t\t\t\t\t<li class=\"elementor-repeater-item-3b5b94f\">\n\t\t\t\t\t\t\t<div class=\"elementor-price-table__feature-inner\">\n\t\t\t\t\t\t\t\t<i aria-hidden=\"true\" class=\"fas fa-wine-glass\"><\/i>\t\t\t\t\t\t\t\t\t\t\t\t\t\t\t\t\t<span >\n\t\t\t\t\t\t\t\t\t\tTrank des Mutes\t\t\t\t\t\t\t\t\t<\/span>\n\t\t\t\t\t\t\t\t\t\t\t\t\t\t\t\t<\/div>\n\t\t\t\t\t\t<\/li>\n\t\t\t\t\t\t\t\t\t\t\t<li class=\"elementor-repeater-item-778ed30\">\n\t\t\t\t\t\t\t<div class=\"elementor-price-table__feature-inner\">\n\t\t\t\t\t\t\t\t<i aria-hidden=\"true\" class=\"th-trip travelpack th-trip travelpack-fork-plate-knife\"><\/i>\t\t\t\t\t\t\t\t\t\t\t\t\t\t\t\t\t<span >\n\t\t\t\t\t\t\t\t\t\tErfrischung\t\t\t\t\t\t\t\t\t<\/span>\n\t\t\t\t\t\t\t\t\t\t\t\t\t\t\t\t<\/div>\n\t\t\t\t\t\t<\/li>\n\t\t\t\t\t\t\t\t\t\t\t<li class=\"elementor-repeater-item-6d300f0\">\n\t\t\t\t\t\t\t<div class=\"elementor-price-table__feature-inner\">\n\t\t\t\t\t\t\t\t<i aria-hidden=\"true\" class=\"far fa-thumbs-up\"><\/i>\t\t\t\t\t\t\t\t\t\t\t\t\t\t\t\t\t<span >\n\t\t\t\t\t\t\t\t\t\tUnterhaltung garantiert\t\t\t\t\t\t\t\t\t<\/span>\n\t\t\t\t\t\t\t\t\t\t\t\t\t\t\t\t<\/div>\n\t\t\t\t\t\t<\/li>\n\t\t\t\t\t\t\t\t\t<\/ul>\n\t\t\t\n\t\t\t\t\t\t\t<div class=\"elementor-price-table__footer\">\n\t\t\t\t\t\t\t\t\t\t\t<a class=\"elementor-price-table__button elementor-button elementor-size-md\" href=\"https:\/\/www.myplanly.com\/booking\/services.aspx?id=bd009372-a56d-4919-92c7-2a19428df34b&serviceid=77d21c87-e06c-452f-8e33-04d82975d160\">\n\t\t\t\t\t\t\tRESERVIERUNG\t\t\t\t\t\t<\/a>\n\t\t\t\t\t\n\t\t\t\t\t\t\t\t\t\t\t<div class=\"elementor-price-table__additional_info\">\n\t\t\t\t\t\t\tOder schreib uns an hotel@jakec.si\t\t\t\t\t\t<\/div>\n\t\t\t\t\t\t\t\t\t<\/div>\n\t\t\t\t\t<\/div>\n\n\t\t\t\t<\/div>\n\t\t\t\t<\/div>\n\t\t\t\t\t<\/div>\n\t\t\t\t<\/div>\n\t\t<div class=\"elementor-element elementor-element-5dc3a18 e-flex e-con-boxed e-con e-parent\" data-id=\"5dc3a18\" data-element_type=\"container\">\n\t\t\t\t\t<div class=\"e-con-inner\">\n\t\t\t\t<div class=\"elementor-element elementor-element-3b12df7 elementor-widget elementor-widget-text-editor\" data-id=\"3b12df7\" data-element_type=\"widget\" data-widget_type=\"text-editor.default\">\n\t\t\t\t<div class=\"elementor-widget-container\">\n\t\t\t\t\t\t\t<p>*Der Preis H\u00e4ngt von der Anzahl der Teilnehmer ab<\/p><p><em>2 \u2013 4 Personen \u2026\u2026\u2026\u2026\u2026\u2026\u2026\u2026\u2026.. 170 \u20ac\/Person<\/em><br \/><em><span style=\"color: inherit; font-family: inherit; font-size: inherit; font-weight: inherit;\">5 \u2013 10 Personen \u2026\u2026\u2026\u2026\u2026\u2026\u2026\u2026 160 \u20ac\/Person<br \/><\/span><span style=\"color: inherit; font-family: inherit; font-size: inherit; font-weight: inherit;\">11 \u2013 15 Personen \u2026\u2026\u2026\u2026\u2026\u2026\u2026. 140 \u20ac\/Person<\/span><\/em><\/p><p><em>Mehr als 15 Personen: nach Vereinbarung<\/em><\/p>\t\t\t\t\t\t<\/div>\n\t\t\t\t<\/div>\n\t\t\t\t\t<\/div>\n\t\t\t\t<\/div>\n\t\t<div class=\"elementor-element elementor-element-27e6327 e-flex e-con-boxed e-con e-parent\" data-id=\"27e6327\" data-element_type=\"container\">\n\t\t\t\t\t<div class=\"e-con-inner\">\n\t\t\t\t<div class=\"elementor-element elementor-element-ef12345 elementor-widget elementor-widget-heading\" data-id=\"ef12345\" data-element_type=\"widget\" data-widget_type=\"heading.default\">\n\t\t\t\t<div class=\"elementor-widget-container\">\n\t\t\t<h2 class=\"elementor-heading-title elementor-size-default\">Wie man dorthin kommt<\/h2>\t\t<\/div>\n\t\t\t\t<\/div>\n\t\t\t\t\t<\/div>\n\t\t\t\t<\/div>\n\t\t<div class=\"elementor-element elementor-element-dc056e3 e-flex e-con-boxed e-con e-parent\" data-id=\"dc056e3\" data-element_type=\"container\">\n\t\t\t\t\t<div class=\"e-con-inner\">\n\t\t\t\t<div class=\"elementor-element elementor-element-b98d635 elementor-widget elementor-widget-text-editor\" data-id=\"b98d635\" data-element_type=\"widget\" data-widget_type=\"text-editor.default\">\n\t\t\t\t<div class=\"elementor-widget-container\">\n\t\t\t\t\t\t\t<p>Wir f\u00f6rdern nachhaltige Mobilit\u00e4t!<\/p>\n<p>Sie erreichen Trije Kralji auch mit dem Fahrrad oder zu Fuss.<\/p>\n<p>Informieren Sie sich ausserdem \u00fcber die kostenlosen Busverbindungen nach Trije Kralji im Sommer.<\/p>\n\t\t\t\t\t\t<\/div>\n\t\t\t\t<\/div>\n\t\t\t\t\t<\/div>\n\t\t\t\t<\/div>\n\t\t<div class=\"elementor-element elementor-element-aa34139 e-flex e-con-boxed e-con e-parent\" data-id=\"aa34139\" data-element_type=\"container\">\n\t\t\t\t\t<div class=\"e-con-inner\">\n\t\t\t\t<div class=\"elementor-element elementor-element-b41fada elementor-widget elementor-widget-google_maps\" data-id=\"b41fada\" data-element_type=\"widget\" data-widget_type=\"google_maps.default\">\n\t\t\t\t<div class=\"elementor-widget-container\">\n\t\t\t\t\t<div class=\"elementor-custom-embed\">\n\t\t\t<iframe loading=\"lazy\"\n\t\t\t\t\tsrc=\"https:\/\/maps.google.com\/maps?q=hotel%20jakec&t=m&z=10&output=embed&iwloc=near\"\n\t\t\t\t\ttitle=\"hotel jakec\"\n\t\t\t\t\taria-label=\"hotel jakec\"\n\t\t\t><\/iframe>\n\t\t<\/div>\n\t\t\t\t<\/div>\n\t\t\t\t<\/div>\n\t\t\t\t\t<\/div>\n\t\t\t\t<\/div>\n\t\t<div class=\"elementor-element elementor-element-5f923ee e-flex e-con-boxed e-con e-parent\" data-id=\"5f923ee\" data-element_type=\"container\">\n\t\t\t\t\t<div class=\"e-con-inner\">\n\t\t\t\t<div class=\"elementor-element elementor-element-d4b84cd elementor-cta--skin-classic elementor-animated-content elementor-bg-transform elementor-bg-transform-zoom-in elementor-widget elementor-widget-call-to-action\" data-id=\"d4b84cd\" data-element_type=\"widget\" data-widget_type=\"call-to-action.default\">\n\t\t\t\t<div class=\"elementor-widget-container\">\n\t\t\t\t\t<div class=\"elementor-cta\">\n\t\t\t\t\t<div class=\"elementor-cta__bg-wrapper\">\n\t\t\t\t<div class=\"elementor-cta__bg elementor-bg\" style=\"background-image: url(https:\/\/www.jakec.si\/wp-content\/uploads\/2023\/03\/20200907_150614-1024x576.jpg);\" role=\"img\" aria-label=\"20200907_150614\"><\/div>\n\t\t\t\t<div class=\"elementor-cta__bg-overlay\"><\/div>\n\t\t\t<\/div>\n\t\t\t\t\t\t\t<div class=\"elementor-cta__content\">\n\t\t\t\t\n\t\t\t\t\t\t\t\t\t<h2 class=\"elementor-cta__title elementor-cta__content-item elementor-content-item\">\n\t\t\t\t\t\tWeitere Informationen und Reservierungen\t\t\t\t\t<\/h2>\n\t\t\t\t\n\t\t\t\t\t\t\t\t\t<div class=\"elementor-cta__description elementor-cta__content-item elementor-content-item\">\n\t\t\t\t\t\t<p>schreiben Sie uns!<\/p>\n\t\t\t\t\t<\/div>\n\t\t\t\t\n\t\t\t\t\t\t\t\t\t<div class=\"elementor-cta__button-wrapper elementor-cta__content-item elementor-content-item \">\n\t\t\t\t\t<a class=\"elementor-cta__button elementor-button elementor-size-\" href=\"mailto:hotel@jakec.si\">\n\t\t\t\t\t\tSenden Sie eine Anfrage\t\t\t\t\t<\/a>\n\t\t\t\t\t<\/div>\n\t\t\t\t\t\t\t<\/div>\n\t\t\t\t\t\t<\/div>\n\t\t\t\t<\/div>\n\t\t\t\t<\/div>\n\t\t\t\t\t<\/div>\n\t\t\t\t<\/div>\n\t\t\t\t<\/div>\n\t\t","protected":false},"excerpt":{"rendered":"<p>M\u00f6chten Sie Pohorje in seiner ganzen Authentizit\u00e4t erleben? Dann ist das F\u00dcNF-STERNE-ERLEBNIS BEI JAKCI die richtige Wahl f\u00fcr Sie! Was beinhaltet das Erlebnis? Hausgemachtes Jakci-Mittagessen: Hausgemachte Schlachtplatte mit Leber, Bratwurst, Blutwurst, Koteletts, Wildschwein aus dem Brotbackofen, verschiedene Beilagen und Salat. &hellip; <a href=\"https:\/\/www.jakec.si\/de\/pohorje-shatzsuche\/\">Weiterlesen<\/a><\/p>\n","protected":false},"author":14,"featured_media":10231,"parent":0,"menu_order":0,"comment_status":"closed","ping_status":"closed","template":"","meta":{"footnotes":""},"class_list":["post-10246","page","type-page","status-publish","has-post-thumbnail","hentry"],"yoast_head":"<!-- This site is optimized with the Yoast SEO plugin v27.5 - https:\/\/yoast.com\/product\/yoast-seo-wordpress\/ -->\n<title>POHORJE SHATZSUCHE &#8211; Hotel Jakec<\/title>\n<meta name=\"description\" content=\"Na Pohorju befindet sich ein Schatz, der gar nicht so gut versteckt ist. Um ihn zu entdecken, musst du nur deine Augen und dein Herz \u00f6ffnen. Traust du dich, die Herausforderung anzunehmen?\" \/>\n<meta name=\"robots\" content=\"index, follow, max-snippet:-1, max-image-preview:large, max-video-preview:-1\" \/>\n<link rel=\"canonical\" href=\"https:\/\/www.jakec.si\/lov-na-pohorski-zaklad\/\" \/>\n<meta property=\"og:locale\" content=\"de_DE\" \/>\n<meta property=\"og:type\" content=\"article\" \/>\n<meta property=\"og:title\" content=\"POHORJE SHATZSUCHE &#8211; Hotel Jakec\" \/>\n<meta property=\"og:description\" content=\"Na Pohorju befindet sich ein Schatz, der gar nicht so gut versteckt ist. Um ihn zu entdecken, musst du nur deine Augen und dein Herz \u00f6ffnen. Traust du dich, die Herausforderung anzunehmen?\" \/>\n<meta property=\"og:url\" content=\"https:\/\/www.jakec.si\/lov-na-pohorski-zaklad\/\" \/>\n<meta property=\"og:site_name\" content=\"Hotel Jakec\" \/>\n<meta property=\"article:publisher\" content=\"https:\/\/www.facebook.com\/RTC-Jakec-TRIJE-KRALJI-Na-najlep%c5%a1i-strani-Pohorja-299304864208\/\" \/>\n<meta property=\"article:modified_time\" content=\"2026-05-06T07:00:01+00:00\" \/>\n<meta property=\"og:image\" content=\"https:\/\/www.jakec.si\/wp-content\/uploads\/2025\/03\/teamevent-tagen-neuwied-teambuilding-teamentwicklung.webp\" \/>\n\t<meta property=\"og:image:width\" content=\"1920\" \/>\n\t<meta property=\"og:image:height\" content=\"1080\" \/>\n\t<meta property=\"og:image:type\" content=\"image\/webp\" \/>\n<meta name=\"twitter:card\" content=\"summary_large_image\" \/>\n<meta name=\"twitter:label1\" content=\"Gesch\u00e4tzte Lesezeit\" \/>\n\t<meta name=\"twitter:data1\" content=\"2\u00a0Minuten\" \/>\n<script type=\"application\/ld+json\" class=\"yoast-schema-graph\">{\"@context\":\"https:\\\/\\\/schema.org\",\"@graph\":[{\"@type\":\"WebPage\",\"@id\":\"https:\\\/\\\/www.jakec.si\\\/lov-na-pohorski-zaklad\\\/\",\"url\":\"https:\\\/\\\/www.jakec.si\\\/lov-na-pohorski-zaklad\\\/\",\"name\":\"POHORJE SHATZSUCHE &#8211; Hotel Jakec\",\"isPartOf\":{\"@id\":\"https:\\\/\\\/www.jakec.si\\\/#website\"},\"primaryImageOfPage\":{\"@id\":\"https:\\\/\\\/www.jakec.si\\\/lov-na-pohorski-zaklad\\\/#primaryimage\"},\"image\":{\"@id\":\"https:\\\/\\\/www.jakec.si\\\/lov-na-pohorski-zaklad\\\/#primaryimage\"},\"thumbnailUrl\":\"https:\\\/\\\/www.jakec.si\\\/wp-content\\\/uploads\\\/2025\\\/03\\\/teamevent-tagen-neuwied-teambuilding-teamentwicklung.webp\",\"datePublished\":\"2025-03-05T11:41:39+00:00\",\"dateModified\":\"2026-05-06T07:00:01+00:00\",\"description\":\"Na Pohorju befindet sich ein Schatz, der gar nicht so gut versteckt ist. Um ihn zu entdecken, musst du nur deine Augen und dein Herz \u00f6ffnen. Traust du dich, die Herausforderung anzunehmen?\",\"breadcrumb\":{\"@id\":\"https:\\\/\\\/www.jakec.si\\\/lov-na-pohorski-zaklad\\\/#breadcrumb\"},\"inLanguage\":\"de\",\"potentialAction\":[{\"@type\":\"ReadAction\",\"target\":[\"https:\\\/\\\/www.jakec.si\\\/lov-na-pohorski-zaklad\\\/\"]}]},{\"@type\":\"ImageObject\",\"inLanguage\":\"de\",\"@id\":\"https:\\\/\\\/www.jakec.si\\\/lov-na-pohorski-zaklad\\\/#primaryimage\",\"url\":\"https:\\\/\\\/www.jakec.si\\\/wp-content\\\/uploads\\\/2025\\\/03\\\/teamevent-tagen-neuwied-teambuilding-teamentwicklung.webp\",\"contentUrl\":\"https:\\\/\\\/www.jakec.si\\\/wp-content\\\/uploads\\\/2025\\\/03\\\/teamevent-tagen-neuwied-teambuilding-teamentwicklung.webp\",\"width\":1920,\"height\":1080},{\"@type\":\"BreadcrumbList\",\"@id\":\"https:\\\/\\\/www.jakec.si\\\/lov-na-pohorski-zaklad\\\/#breadcrumb\",\"itemListElement\":[{\"@type\":\"ListItem\",\"position\":1,\"name\":\"Home\",\"item\":\"https:\\\/\\\/www.jakec.si\\\/\"},{\"@type\":\"ListItem\",\"position\":2,\"name\":\"POHORJE SHATZSUCHE\"}]},{\"@type\":\"WebSite\",\"@id\":\"https:\\\/\\\/www.jakec.si\\\/#website\",\"url\":\"https:\\\/\\\/www.jakec.si\\\/\",\"name\":\"Hotel Jakec\",\"description\":\"Familienhotel auf der sch\u00f6nsten Seite von Pohorje\",\"publisher\":{\"@id\":\"https:\\\/\\\/www.jakec.si\\\/#organization\"},\"potentialAction\":[{\"@type\":\"SearchAction\",\"target\":{\"@type\":\"EntryPoint\",\"urlTemplate\":\"https:\\\/\\\/www.jakec.si\\\/?s={search_term_string}\"},\"query-input\":{\"@type\":\"PropertyValueSpecification\",\"valueRequired\":true,\"valueName\":\"search_term_string\"}}],\"inLanguage\":\"de\"},{\"@type\":\"Organization\",\"@id\":\"https:\\\/\\\/www.jakec.si\\\/#organization\",\"name\":\"Hotel Jakec\",\"url\":\"https:\\\/\\\/www.jakec.si\\\/\",\"logo\":{\"@type\":\"ImageObject\",\"inLanguage\":\"de\",\"@id\":\"https:\\\/\\\/www.jakec.si\\\/#\\\/schema\\\/logo\\\/image\\\/\",\"url\":\"https:\\\/\\\/www.jakec.si\\\/wp-content\\\/uploads\\\/2020\\\/11\\\/jakec-logo.png\",\"contentUrl\":\"https:\\\/\\\/www.jakec.si\\\/wp-content\\\/uploads\\\/2020\\\/11\\\/jakec-logo.png\",\"width\":1112,\"height\":732,\"caption\":\"Hotel Jakec\"},\"image\":{\"@id\":\"https:\\\/\\\/www.jakec.si\\\/#\\\/schema\\\/logo\\\/image\\\/\"},\"sameAs\":[\"https:\\\/\\\/www.facebook.com\\\/RTC-Jakec-TRIJE-KRALJI-Na-najlep\u0161i-strani-Pohorja-299304864208\\\/\",\"https:\\\/\\\/www.youtube.com\\\/channel\\\/UCnxY6FwD-MTOuiuvESMKk7w\"]}]}<\/script>\n<!-- \/ Yoast SEO plugin. -->","yoast_head_json":{"title":"POHORJE SHATZSUCHE &#8211; Hotel Jakec","description":"Na Pohorju befindet sich ein Schatz, der gar nicht so gut versteckt ist. Um ihn zu entdecken, musst du nur deine Augen und dein Herz \u00f6ffnen. Traust du dich, die Herausforderung anzunehmen?","robots":{"index":"index","follow":"follow","max-snippet":"max-snippet:-1","max-image-preview":"max-image-preview:large","max-video-preview":"max-video-preview:-1"},"canonical":"https:\/\/www.jakec.si\/lov-na-pohorski-zaklad\/","og_locale":"de_DE","og_type":"article","og_title":"POHORJE SHATZSUCHE &#8211; Hotel Jakec","og_description":"Na Pohorju befindet sich ein Schatz, der gar nicht so gut versteckt ist. Um ihn zu entdecken, musst du nur deine Augen und dein Herz \u00f6ffnen. Traust du dich, die Herausforderung anzunehmen?","og_url":"https:\/\/www.jakec.si\/lov-na-pohorski-zaklad\/","og_site_name":"Hotel Jakec","article_publisher":"https:\/\/www.facebook.com\/RTC-Jakec-TRIJE-KRALJI-Na-najlep%c5%a1i-strani-Pohorja-299304864208\/","article_modified_time":"2026-05-06T07:00:01+00:00","og_image":[{"width":1920,"height":1080,"url":"https:\/\/www.jakec.si\/wp-content\/uploads\/2025\/03\/teamevent-tagen-neuwied-teambuilding-teamentwicklung.webp","type":"image\/webp"}],"twitter_card":"summary_large_image","twitter_misc":{"Gesch\u00e4tzte Lesezeit":"2\u00a0Minuten"},"schema":{"@context":"https:\/\/schema.org","@graph":[{"@type":"WebPage","@id":"https:\/\/www.jakec.si\/lov-na-pohorski-zaklad\/","url":"https:\/\/www.jakec.si\/lov-na-pohorski-zaklad\/","name":"POHORJE SHATZSUCHE &#8211; Hotel Jakec","isPartOf":{"@id":"https:\/\/www.jakec.si\/#website"},"primaryImageOfPage":{"@id":"https:\/\/www.jakec.si\/lov-na-pohorski-zaklad\/#primaryimage"},"image":{"@id":"https:\/\/www.jakec.si\/lov-na-pohorski-zaklad\/#primaryimage"},"thumbnailUrl":"https:\/\/www.jakec.si\/wp-content\/uploads\/2025\/03\/teamevent-tagen-neuwied-teambuilding-teamentwicklung.webp","datePublished":"2025-03-05T11:41:39+00:00","dateModified":"2026-05-06T07:00:01+00:00","description":"Na Pohorju befindet sich ein Schatz, der gar nicht so gut versteckt ist. Um ihn zu entdecken, musst du nur deine Augen und dein Herz \u00f6ffnen. Traust du dich, die Herausforderung anzunehmen?","breadcrumb":{"@id":"https:\/\/www.jakec.si\/lov-na-pohorski-zaklad\/#breadcrumb"},"inLanguage":"de","potentialAction":[{"@type":"ReadAction","target":["https:\/\/www.jakec.si\/lov-na-pohorski-zaklad\/"]}]},{"@type":"ImageObject","inLanguage":"de","@id":"https:\/\/www.jakec.si\/lov-na-pohorski-zaklad\/#primaryimage","url":"https:\/\/www.jakec.si\/wp-content\/uploads\/2025\/03\/teamevent-tagen-neuwied-teambuilding-teamentwicklung.webp","contentUrl":"https:\/\/www.jakec.si\/wp-content\/uploads\/2025\/03\/teamevent-tagen-neuwied-teambuilding-teamentwicklung.webp","width":1920,"height":1080},{"@type":"BreadcrumbList","@id":"https:\/\/www.jakec.si\/lov-na-pohorski-zaklad\/#breadcrumb","itemListElement":[{"@type":"ListItem","position":1,"name":"Home","item":"https:\/\/www.jakec.si\/"},{"@type":"ListItem","position":2,"name":"POHORJE SHATZSUCHE"}]},{"@type":"WebSite","@id":"https:\/\/www.jakec.si\/#website","url":"https:\/\/www.jakec.si\/","name":"Hotel Jakec","description":"Familienhotel auf der sch\u00f6nsten Seite von Pohorje","publisher":{"@id":"https:\/\/www.jakec.si\/#organization"},"potentialAction":[{"@type":"SearchAction","target":{"@type":"EntryPoint","urlTemplate":"https:\/\/www.jakec.si\/?s={search_term_string}"},"query-input":{"@type":"PropertyValueSpecification","valueRequired":true,"valueName":"search_term_string"}}],"inLanguage":"de"},{"@type":"Organization","@id":"https:\/\/www.jakec.si\/#organization","name":"Hotel Jakec","url":"https:\/\/www.jakec.si\/","logo":{"@type":"ImageObject","inLanguage":"de","@id":"https:\/\/www.jakec.si\/#\/schema\/logo\/image\/","url":"https:\/\/www.jakec.si\/wp-content\/uploads\/2020\/11\/jakec-logo.png","contentUrl":"https:\/\/www.jakec.si\/wp-content\/uploads\/2020\/11\/jakec-logo.png","width":1112,"height":732,"caption":"Hotel Jakec"},"image":{"@id":"https:\/\/www.jakec.si\/#\/schema\/logo\/image\/"},"sameAs":["https:\/\/www.facebook.com\/RTC-Jakec-TRIJE-KRALJI-Na-najlep\u0161i-strani-Pohorja-299304864208\/","https:\/\/www.youtube.com\/channel\/UCnxY6FwD-MTOuiuvESMKk7w"]}]}},"_links":{"self":[{"href":"https:\/\/www.jakec.si\/de\/wp-json\/wp\/v2\/pages\/10246","targetHints":{"allow":["GET"]}}],"collection":[{"href":"https:\/\/www.jakec.si\/de\/wp-json\/wp\/v2\/pages"}],"about":[{"href":"https:\/\/www.jakec.si\/de\/wp-json\/wp\/v2\/types\/page"}],"author":[{"embeddable":true,"href":"https:\/\/www.jakec.si\/de\/wp-json\/wp\/v2\/users\/14"}],"replies":[{"embeddable":true,"href":"https:\/\/www.jakec.si\/de\/wp-json\/wp\/v2\/comments?post=10246"}],"version-history":[{"count":18,"href":"https:\/\/www.jakec.si\/de\/wp-json\/wp\/v2\/pages\/10246\/revisions"}],"predecessor-version":[{"id":12607,"href":"https:\/\/www.jakec.si\/de\/wp-json\/wp\/v2\/pages\/10246\/revisions\/12607"}],"wp:featuredmedia":[{"embeddable":true,"href":"https:\/\/www.jakec.si\/de\/wp-json\/wp\/v2\/media\/10231"}],"wp:attachment":[{"href":"https:\/\/www.jakec.si\/de\/wp-json\/wp\/v2\/media?parent=10246"}],"curies":[{"name":"wp","href":"https:\/\/api.w.org\/{rel}","templated":true}]}}