{"id":4159,"date":"2020-12-22T10:16:40","date_gmt":"2020-12-22T09:16:40","guid":{"rendered":"https:\/\/www.jakec.si\/ueber-hotel-jakec\/standort\/"},"modified":"2021-01-06T10:38:10","modified_gmt":"2021-01-06T09:38:10","slug":"standort","status":"publish","type":"page","link":"https:\/\/www.jakec.si\/de\/ueber-hotel-jakec\/standort\/","title":{"rendered":"Standort"},"content":{"rendered":"\t\t<div data-elementor-type=\"wp-page\" data-elementor-id=\"4159\" class=\"elementor elementor-4159 elementor-1103\" data-elementor-post-type=\"page\">\n\t\t\t\t\t\t<section class=\"elementor-section elementor-top-section elementor-element elementor-element-1374ecc9 elementor-section-full_width elementor-section-height-min-height elementor-section-height-default elementor-section-items-middle\" data-id=\"1374ecc9\" data-element_type=\"section\" data-settings=\"{&quot;background_background&quot;:&quot;classic&quot;}\">\n\t\t\t\t\t\t\t<div class=\"elementor-background-overlay\"><\/div>\n\t\t\t\t\t\t\t<div class=\"elementor-container elementor-column-gap-default\">\n\t\t\t\t\t<div class=\"elementor-column elementor-col-100 elementor-top-column elementor-element elementor-element-46ca8e7c\" data-id=\"46ca8e7c\" data-element_type=\"column\">\n\t\t\t<div class=\"elementor-widget-wrap elementor-element-populated\">\n\t\t\t\t\t\t<div class=\"elementor-element elementor-element-4a343261 elementor-widget elementor-widget-spacer\" data-id=\"4a343261\" data-element_type=\"widget\" data-widget_type=\"spacer.default\">\n\t\t\t\t<div class=\"elementor-widget-container\">\n\t\t\t\t\t<div class=\"elementor-spacer\">\n\t\t\t<div class=\"elementor-spacer-inner\"><\/div>\n\t\t<\/div>\n\t\t\t\t<\/div>\n\t\t\t\t<\/div>\n\t\t\t\t<div class=\"elementor-element elementor-element-321f341e textshadow elementor-view-default elementor-position-top elementor-invisible elementor-widget elementor-widget-themo-header\" data-id=\"321f341e\" data-element_type=\"widget\" data-settings=\"{&quot;_animation&quot;:&quot;fadeIn&quot;}\" data-widget_type=\"themo-header.default\">\n\t\t\t\t<div class=\"elementor-widget-container\">\n\t\t\t\t\t<div class=\"th-header-wrap\">\n        <div class=\"elementor-icon-box-wrapper \">\n                            <div class=\"elementor-icon-box-content\">\n                    <h1 class=\"elementor-icon-box-title\">\n                        AUF DER SCH\u00d6NSTEN SEITE VON POHORJA                    <\/h1>\n                                        <p class=\"elementor-icon-box-description\">Es ist nicht schwer uns zu finden, aber gleichzeitig lohnt es sich auf jeden Fall.<\/p>\n\n                                    <\/div>\n            <\/div>\n\n        <\/div>\n\n\t\t\t\t<\/div>\n\t\t\t\t<\/div>\n\t\t\t\t\t<\/div>\n\t\t<\/div>\n\t\t\t\t\t<\/div>\n\t\t<\/section>\n\t\t\t\t<section class=\"elementor-section elementor-top-section elementor-element elementor-element-112ebaec elementor-section-boxed elementor-section-height-default elementor-section-height-default\" data-id=\"112ebaec\" data-element_type=\"section\" data-settings=\"{&quot;background_background&quot;:&quot;classic&quot;}\">\n\t\t\t\t\t\t<div class=\"elementor-container elementor-column-gap-no\">\n\t\t\t\t\t<div class=\"elementor-column elementor-col-100 elementor-top-column elementor-element elementor-element-7bb19cf9\" data-id=\"7bb19cf9\" data-element_type=\"column\">\n\t\t\t<div class=\"elementor-widget-wrap elementor-element-populated\">\n\t\t\t\t\t\t<div class=\"elementor-element elementor-element-12e73cfb elementor-view-default elementor-position-top elementor-widget elementor-widget-themo-header\" data-id=\"12e73cfb\" data-element_type=\"widget\" data-widget_type=\"themo-header.default\">\n\t\t\t\t<div class=\"elementor-widget-container\">\n\t\t\t\t\t<div class=\"th-header-wrap\">\n        <div class=\"elementor-icon-box-wrapper \">\n                            <div class=\"elementor-icon-box-content\">\n                    <h2 class=\"elementor-icon-box-title\">\n                        BESUCHEN SIE UNS                    <\/h2>\n                                            <span class=\"th-header-divider\"><\/span>\n                                        <p class=\"elementor-icon-box-description\">Besuchen Sie uns in idyllischer Natur auf der sch\u00f6nsten Seite von Pohorje!<\/p>\n\n                                    <\/div>\n            <\/div>\n\n        <\/div>\n\n\t\t\t\t<\/div>\n\t\t\t\t<\/div>\n\t\t\t\t\t<\/div>\n\t\t<\/div>\n\t\t\t\t\t<\/div>\n\t\t<\/section>\n\t\t\t\t<section class=\"elementor-section elementor-top-section elementor-element elementor-element-2eac3d15 elementor-section-boxed elementor-section-height-default elementor-section-height-default\" data-id=\"2eac3d15\" data-element_type=\"section\" data-settings=\"{&quot;background_background&quot;:&quot;classic&quot;}\">\n\t\t\t\t\t\t<div class=\"elementor-container elementor-column-gap-extended\">\n\t\t\t\t\t<div class=\"elementor-column elementor-col-50 elementor-top-column elementor-element elementor-element-51acc1a6\" data-id=\"51acc1a6\" data-element_type=\"column\">\n\t\t\t<div class=\"elementor-widget-wrap elementor-element-populated\">\n\t\t\t\t\t\t<div class=\"elementor-element elementor-element-115d55b elementor-vertical-align-middle elementor-widget elementor-widget-icon-box\" data-id=\"115d55b\" data-element_type=\"widget\" data-widget_type=\"icon-box.default\">\n\t\t\t\t<div class=\"elementor-widget-container\">\n\t\t\t\t\t<div class=\"elementor-icon-box-wrapper\">\n\n\t\t\t\n\t\t\t\t\t\t<div class=\"elementor-icon-box-content\">\n\n\t\t\t\t\t\t\t\t\t<h3 class=\"elementor-icon-box-title\">\n\t\t\t\t\t\t<span  >\n\t\t\t\t\t\t\tEinige m\u00f6gliche Wege\t\t\t\t\t\t<\/span>\n\t\t\t\t\t<\/h3>\n\t\t\t\t\n\t\t\t\t\t\t\t\t\t<p class=\"elementor-icon-box-description\">\n\t\t\t\t\t\t<p>Slovenska Bistrica - Veliko Tinje - Hotel Jakec, 17 km (0:28)<\/p>\r\n\r\n<p>Maribor - Slovenska Bistrica - Veliko Tinje - Hotel Jakec, 42 km (0:50)<\/p>\r\n\r\n<p>Celje - Slovenska Bistrica - Veliko Tinje - Hotel Jakec, 49 km (0:52)<\/p>\r\n\r\n<p>Ljubljana - Slovenska Bistrica - Veliko Tinje - Hotel Jakec, 123 km (1:40)<\/p>\t\t\t\t\t<\/p>\n\t\t\t\t\n\t\t\t<\/div>\n\t\t\t\n\t\t<\/div>\n\t\t\t\t<\/div>\n\t\t\t\t<\/div>\n\t\t\t\t\t<\/div>\n\t\t<\/div>\n\t\t\t\t<div class=\"elementor-column elementor-col-50 elementor-top-column elementor-element elementor-element-3eb55cf\" data-id=\"3eb55cf\" data-element_type=\"column\">\n\t\t\t<div class=\"elementor-widget-wrap elementor-element-populated\">\n\t\t\t\t\t\t<div class=\"elementor-element elementor-element-8b5a61c elementor-vertical-align-middle elementor-widget elementor-widget-icon-box\" data-id=\"8b5a61c\" data-element_type=\"widget\" data-widget_type=\"icon-box.default\">\n\t\t\t\t<div class=\"elementor-widget-container\">\n\t\t\t\t\t<div class=\"elementor-icon-box-wrapper\">\n\n\t\t\t\n\t\t\t\t\t\t<div class=\"elementor-icon-box-content\">\n\n\t\t\t\t\t\t\t\t\t<h3 class=\"elementor-icon-box-title\">\n\t\t\t\t\t\t<span  >\n\t\t\t\t\t\t\tN\u00e4chste Flugh\u00e4fen\t\t\t\t\t\t<\/span>\n\t\t\t\t\t<\/h3>\n\t\t\t\t\n\t\t\t\t\t\t\t\t\t<p class=\"elementor-icon-box-description\">\n\t\t\t\t\t\t<p>Letali\u0161\u010de Graz, 99 km (1:20)<\/p>\r\n<p>Letali\u0161\u010de Jo\u017eeta Pu\u010dnika Ljubljana, 127 km (1:52)<\/p>\r\n<p>Letali\u0161\u010de Zagreb, 141 km (2:00)<\/p>\t\t\t\t\t<\/p>\n\t\t\t\t\n\t\t\t<\/div>\n\t\t\t\n\t\t<\/div>\n\t\t\t\t<\/div>\n\t\t\t\t<\/div>\n\t\t\t\t\t<\/div>\n\t\t<\/div>\n\t\t\t\t\t<\/div>\n\t\t<\/section>\n\t\t\t\t<section class=\"elementor-section elementor-top-section elementor-element elementor-element-266be2d3 elementor-section-full_width elementor-section-height-default elementor-section-height-default\" data-id=\"266be2d3\" data-element_type=\"section\">\n\t\t\t\t\t\t<div class=\"elementor-container elementor-column-gap-no\">\n\t\t\t\t\t<div class=\"elementor-column elementor-col-100 elementor-top-column elementor-element elementor-element-4704894e\" data-id=\"4704894e\" data-element_type=\"column\">\n\t\t\t<div class=\"elementor-widget-wrap elementor-element-populated\">\n\t\t\t\t\t\t<div class=\"elementor-element elementor-element-ded157 elementor-widget elementor-widget-menu-anchor\" data-id=\"ded157\" data-element_type=\"widget\" data-widget_type=\"menu-anchor.default\">\n\t\t\t\t<div class=\"elementor-widget-container\">\n\t\t\t\t\t<div class=\"elementor-menu-anchor\" id=\"map\"><\/div>\n\t\t\t\t<\/div>\n\t\t\t\t<\/div>\n\t\t\t\t\t<\/div>\n\t\t<\/div>\n\t\t\t\t\t<\/div>\n\t\t<\/section>\n\t\t\t\t<section class=\"elementor-section elementor-top-section elementor-element elementor-element-15697d22 elementor-section-full_width elementor-section-stretched elementor-section-height-default elementor-section-height-default\" data-id=\"15697d22\" data-element_type=\"section\" data-settings=\"{&quot;stretch_section&quot;:&quot;section-stretched&quot;}\">\n\t\t\t\t\t\t<div class=\"elementor-container elementor-column-gap-no\">\n\t\t\t\t\t<div class=\"elementor-column elementor-col-100 elementor-top-column elementor-element elementor-element-2aeb8610\" data-id=\"2aeb8610\" data-element_type=\"column\">\n\t\t\t<div class=\"elementor-widget-wrap elementor-element-populated\">\n\t\t\t\t\t\t<div class=\"elementor-element elementor-element-7f41405d elementor-widget elementor-widget-html\" data-id=\"7f41405d\" data-element_type=\"widget\" data-widget_type=\"html.default\">\n\t\t\t\t<div class=\"elementor-widget-container\">\n\t\t\t<iframe src=\"https:\/\/www.google.com\/maps\/embed?pb=!1m18!1m12!1m3!1d2749.569066408541!2d15.457748915585249!3d46.437420379124525!2m3!1f0!2f0!3f0!3m2!1i1024!2i768!4f13.1!3m3!1m2!1s0x476f811d02f5c603%3A0x1a208420fef5ee3f!2sPlanina%20pod%20%C5%A0umikom%205%2C%202316%20Zgornja%20Lo%C5%BEnica!5e0!3m2!1ssl!2ssi!4v1604932252857!5m2!1ssl!2ssi\" width=\"100%\" height=\"450\" frameborder=\"0\" style=\"border:0;\" allowfullscreen=\"\" aria-hidden=\"false\" tabindex=\"0\"><\/iframe>\t\t<\/div>\n\t\t\t\t<\/div>\n\t\t\t\t\t<\/div>\n\t\t<\/div>\n\t\t\t\t\t<\/div>\n\t\t<\/section>\n\t\t\t\t<\/div>\n\t\t","protected":false},"excerpt":{"rendered":"<p>AUF DER SCH\u00d6NSTEN SEITE VON POHORJA Es ist nicht schwer uns zu finden, aber gleichzeitig lohnt es sich auf jeden Fall. BESUCHEN SIE UNS Besuchen Sie uns in idyllischer Natur auf der sch\u00f6nsten Seite von Pohorje! Einige m\u00f6gliche Wege Slovenska &hellip; <a href=\"https:\/\/www.jakec.si\/de\/ueber-hotel-jakec\/standort\/\">Weiterlesen<\/a><\/p>\n","protected":false},"author":1,"featured_media":0,"parent":4133,"menu_order":0,"comment_status":"closed","ping_status":"closed","template":"","meta":{"footnotes":""},"class_list":["post-4159","page","type-page","status-publish","hentry"],"yoast_head":"<!-- This site is optimized with the Yoast SEO plugin v27.4 - https:\/\/yoast.com\/product\/yoast-seo-wordpress\/ -->\n<title>Standort &#8211; Hotel Jakec<\/title>\n<meta name=\"robots\" content=\"index, follow, max-snippet:-1, max-image-preview:large, max-video-preview:-1\" \/>\n<link rel=\"canonical\" href=\"https:\/\/www.jakec.si\/de\/ueber-hotel-jakec\/standort\/\" \/>\n<meta property=\"og:locale\" content=\"de_DE\" \/>\n<meta property=\"og:type\" content=\"article\" \/>\n<meta property=\"og:title\" content=\"Standort &#8211; Hotel Jakec\" \/>\n<meta property=\"og:description\" content=\"AUF DER SCH\u00d6NSTEN SEITE VON POHORJA Es ist nicht schwer uns zu finden, aber gleichzeitig lohnt es sich auf jeden Fall. BESUCHEN SIE UNS Besuchen Sie uns in idyllischer Natur auf der sch\u00f6nsten Seite von Pohorje! Einige m\u00f6gliche Wege Slovenska &hellip; Weiterlesen\" \/>\n<meta property=\"og:url\" content=\"https:\/\/www.jakec.si\/de\/ueber-hotel-jakec\/standort\/\" \/>\n<meta property=\"og:site_name\" content=\"Hotel Jakec\" \/>\n<meta property=\"article:publisher\" content=\"https:\/\/www.facebook.com\/RTC-Jakec-TRIJE-KRALJI-Na-najlep%c5%a1i-strani-Pohorja-299304864208\/\" \/>\n<meta property=\"article:modified_time\" content=\"2021-01-06T09:38:10+00:00\" \/>\n<meta name=\"twitter:card\" content=\"summary_large_image\" \/>\n<meta name=\"twitter:label1\" content=\"Gesch\u00e4tzte Lesezeit\" \/>\n\t<meta name=\"twitter:data1\" content=\"1\u00a0Minute\" \/>\n<script type=\"application\/ld+json\" class=\"yoast-schema-graph\">{\"@context\":\"https:\\\/\\\/schema.org\",\"@graph\":[{\"@type\":\"WebPage\",\"@id\":\"https:\\\/\\\/www.jakec.si\\\/de\\\/ueber-hotel-jakec\\\/standort\\\/\",\"url\":\"https:\\\/\\\/www.jakec.si\\\/de\\\/ueber-hotel-jakec\\\/standort\\\/\",\"name\":\"Standort &#8211; Hotel Jakec\",\"isPartOf\":{\"@id\":\"https:\\\/\\\/www.jakec.si\\\/#website\"},\"datePublished\":\"2020-12-22T09:16:40+00:00\",\"dateModified\":\"2021-01-06T09:38:10+00:00\",\"breadcrumb\":{\"@id\":\"https:\\\/\\\/www.jakec.si\\\/de\\\/ueber-hotel-jakec\\\/standort\\\/#breadcrumb\"},\"inLanguage\":\"de\",\"potentialAction\":[{\"@type\":\"ReadAction\",\"target\":[\"https:\\\/\\\/www.jakec.si\\\/de\\\/ueber-hotel-jakec\\\/standort\\\/\"]}]},{\"@type\":\"BreadcrumbList\",\"@id\":\"https:\\\/\\\/www.jakec.si\\\/de\\\/ueber-hotel-jakec\\\/standort\\\/#breadcrumb\",\"itemListElement\":[{\"@type\":\"ListItem\",\"position\":1,\"name\":\"Home\",\"item\":\"https:\\\/\\\/www.jakec.si\\\/\"},{\"@type\":\"ListItem\",\"position\":2,\"name\":\"\u00dcber Hotel Jakec\",\"item\":\"https:\\\/\\\/www.jakec.si\\\/de\\\/ueber-hotel-jakec\\\/\"},{\"@type\":\"ListItem\",\"position\":3,\"name\":\"Standort\"}]},{\"@type\":\"WebSite\",\"@id\":\"https:\\\/\\\/www.jakec.si\\\/#website\",\"url\":\"https:\\\/\\\/www.jakec.si\\\/\",\"name\":\"Hotel Jakec\",\"description\":\"Familienhotel auf der sch\u00f6nsten Seite von Pohorje\",\"publisher\":{\"@id\":\"https:\\\/\\\/www.jakec.si\\\/#organization\"},\"potentialAction\":[{\"@type\":\"SearchAction\",\"target\":{\"@type\":\"EntryPoint\",\"urlTemplate\":\"https:\\\/\\\/www.jakec.si\\\/?s={search_term_string}\"},\"query-input\":{\"@type\":\"PropertyValueSpecification\",\"valueRequired\":true,\"valueName\":\"search_term_string\"}}],\"inLanguage\":\"de\"},{\"@type\":\"Organization\",\"@id\":\"https:\\\/\\\/www.jakec.si\\\/#organization\",\"name\":\"Hotel Jakec\",\"url\":\"https:\\\/\\\/www.jakec.si\\\/\",\"logo\":{\"@type\":\"ImageObject\",\"inLanguage\":\"de\",\"@id\":\"https:\\\/\\\/www.jakec.si\\\/#\\\/schema\\\/logo\\\/image\\\/\",\"url\":\"https:\\\/\\\/www.jakec.si\\\/wp-content\\\/uploads\\\/2020\\\/11\\\/jakec-logo.png\",\"contentUrl\":\"https:\\\/\\\/www.jakec.si\\\/wp-content\\\/uploads\\\/2020\\\/11\\\/jakec-logo.png\",\"width\":1112,\"height\":732,\"caption\":\"Hotel Jakec\"},\"image\":{\"@id\":\"https:\\\/\\\/www.jakec.si\\\/#\\\/schema\\\/logo\\\/image\\\/\"},\"sameAs\":[\"https:\\\/\\\/www.facebook.com\\\/RTC-Jakec-TRIJE-KRALJI-Na-najlep\u0161i-strani-Pohorja-299304864208\\\/\",\"https:\\\/\\\/www.youtube.com\\\/channel\\\/UCnxY6FwD-MTOuiuvESMKk7w\"]}]}<\/script>\n<!-- \/ Yoast SEO plugin. -->","yoast_head_json":{"title":"Standort &#8211; Hotel Jakec","robots":{"index":"index","follow":"follow","max-snippet":"max-snippet:-1","max-image-preview":"max-image-preview:large","max-video-preview":"max-video-preview:-1"},"canonical":"https:\/\/www.jakec.si\/de\/ueber-hotel-jakec\/standort\/","og_locale":"de_DE","og_type":"article","og_title":"Standort &#8211; Hotel Jakec","og_description":"AUF DER SCH\u00d6NSTEN SEITE VON POHORJA Es ist nicht schwer uns zu finden, aber gleichzeitig lohnt es sich auf jeden Fall. BESUCHEN SIE UNS Besuchen Sie uns in idyllischer Natur auf der sch\u00f6nsten Seite von Pohorje! Einige m\u00f6gliche Wege Slovenska &hellip; Weiterlesen","og_url":"https:\/\/www.jakec.si\/de\/ueber-hotel-jakec\/standort\/","og_site_name":"Hotel Jakec","article_publisher":"https:\/\/www.facebook.com\/RTC-Jakec-TRIJE-KRALJI-Na-najlep%c5%a1i-strani-Pohorja-299304864208\/","article_modified_time":"2021-01-06T09:38:10+00:00","twitter_card":"summary_large_image","twitter_misc":{"Gesch\u00e4tzte Lesezeit":"1\u00a0Minute"},"schema":{"@context":"https:\/\/schema.org","@graph":[{"@type":"WebPage","@id":"https:\/\/www.jakec.si\/de\/ueber-hotel-jakec\/standort\/","url":"https:\/\/www.jakec.si\/de\/ueber-hotel-jakec\/standort\/","name":"Standort &#8211; Hotel Jakec","isPartOf":{"@id":"https:\/\/www.jakec.si\/#website"},"datePublished":"2020-12-22T09:16:40+00:00","dateModified":"2021-01-06T09:38:10+00:00","breadcrumb":{"@id":"https:\/\/www.jakec.si\/de\/ueber-hotel-jakec\/standort\/#breadcrumb"},"inLanguage":"de","potentialAction":[{"@type":"ReadAction","target":["https:\/\/www.jakec.si\/de\/ueber-hotel-jakec\/standort\/"]}]},{"@type":"BreadcrumbList","@id":"https:\/\/www.jakec.si\/de\/ueber-hotel-jakec\/standort\/#breadcrumb","itemListElement":[{"@type":"ListItem","position":1,"name":"Home","item":"https:\/\/www.jakec.si\/"},{"@type":"ListItem","position":2,"name":"\u00dcber Hotel Jakec","item":"https:\/\/www.jakec.si\/de\/ueber-hotel-jakec\/"},{"@type":"ListItem","position":3,"name":"Standort"}]},{"@type":"WebSite","@id":"https:\/\/www.jakec.si\/#website","url":"https:\/\/www.jakec.si\/","name":"Hotel Jakec","description":"Familienhotel auf der sch\u00f6nsten Seite von Pohorje","publisher":{"@id":"https:\/\/www.jakec.si\/#organization"},"potentialAction":[{"@type":"SearchAction","target":{"@type":"EntryPoint","urlTemplate":"https:\/\/www.jakec.si\/?s={search_term_string}"},"query-input":{"@type":"PropertyValueSpecification","valueRequired":true,"valueName":"search_term_string"}}],"inLanguage":"de"},{"@type":"Organization","@id":"https:\/\/www.jakec.si\/#organization","name":"Hotel Jakec","url":"https:\/\/www.jakec.si\/","logo":{"@type":"ImageObject","inLanguage":"de","@id":"https:\/\/www.jakec.si\/#\/schema\/logo\/image\/","url":"https:\/\/www.jakec.si\/wp-content\/uploads\/2020\/11\/jakec-logo.png","contentUrl":"https:\/\/www.jakec.si\/wp-content\/uploads\/2020\/11\/jakec-logo.png","width":1112,"height":732,"caption":"Hotel Jakec"},"image":{"@id":"https:\/\/www.jakec.si\/#\/schema\/logo\/image\/"},"sameAs":["https:\/\/www.facebook.com\/RTC-Jakec-TRIJE-KRALJI-Na-najlep\u0161i-strani-Pohorja-299304864208\/","https:\/\/www.youtube.com\/channel\/UCnxY6FwD-MTOuiuvESMKk7w"]}]}},"_links":{"self":[{"href":"https:\/\/www.jakec.si\/de\/wp-json\/wp\/v2\/pages\/4159","targetHints":{"allow":["GET"]}}],"collection":[{"href":"https:\/\/www.jakec.si\/de\/wp-json\/wp\/v2\/pages"}],"about":[{"href":"https:\/\/www.jakec.si\/de\/wp-json\/wp\/v2\/types\/page"}],"author":[{"embeddable":true,"href":"https:\/\/www.jakec.si\/de\/wp-json\/wp\/v2\/users\/1"}],"replies":[{"embeddable":true,"href":"https:\/\/www.jakec.si\/de\/wp-json\/wp\/v2\/comments?post=4159"}],"version-history":[{"count":6,"href":"https:\/\/www.jakec.si\/de\/wp-json\/wp\/v2\/pages\/4159\/revisions"}],"predecessor-version":[{"id":4584,"href":"https:\/\/www.jakec.si\/de\/wp-json\/wp\/v2\/pages\/4159\/revisions\/4584"}],"up":[{"embeddable":true,"href":"https:\/\/www.jakec.si\/de\/wp-json\/wp\/v2\/pages\/4133"}],"wp:attachment":[{"href":"https:\/\/www.jakec.si\/de\/wp-json\/wp\/v2\/media?parent=4159"}],"curies":[{"name":"wp","href":"https:\/\/api.w.org\/{rel}","templated":true}]}}