{"id":4426,"date":"2020-12-07T09:45:32","date_gmt":"2020-12-07T08:45:32","guid":{"rendered":"https:\/\/www.jakec.si\/izdelek\/das-romantische-verwohnen-des-konigs-fur-zwei\/"},"modified":"2020-12-07T09:45:32","modified_gmt":"2020-12-07T08:45:32","slug":"das-romantische-verwohnen-des-konigs-fur-zwei","status":"publish","type":"product","link":"https:\/\/www.jakec.si\/de\/produkt\/das-romantische-verwohnen-des-konigs-fur-zwei\/","title":{"rendered":"Das romantische Verw\u00f6hnen des K\u00f6nigs f\u00fcr zwei"},"content":{"rendered":"","protected":false},"excerpt":{"rendered":"<p>Whirlpool, Saunen (4 verschiedene), Sekt 0,2 l Obst und Tee \/ 1 Stunde &hellip; <a href=\"https:\/\/www.jakec.si\/de\/produkt\/das-romantische-verwohnen-des-konigs-fur-zwei\/\">Weiterlesen<\/a><\/p>\n","protected":false},"featured_media":7275,"template":"","meta":[],"product_brand":[],"product_cat":[230,233],"product_tag":[236,241],"class_list":{"0":"post-4426","1":"product","2":"type-product","3":"status-publish","4":"has-post-thumbnail","6":"product_cat-romantische-verwoehnung","7":"product_cat-romantische-verwoehnung-de","8":"product_tag-hotel-jakec-de","9":"product_tag-verwoehnen-fuer-zwei","11":"first","12":"instock","13":"taxable","14":"shipping-taxable","15":"purchasable","16":"product-type-simple"},"yoast_head":"<!-- This site is optimized with the Yoast SEO plugin v27.4 - https:\/\/yoast.com\/product\/yoast-seo-wordpress\/ -->\n<title>Das romantische Verw\u00f6hnen des K\u00f6nigs f\u00fcr zwei &#8211; Hotel Jakec<\/title>\n<meta name=\"robots\" content=\"index, follow, max-snippet:-1, max-image-preview:large, max-video-preview:-1\" \/>\n<link rel=\"canonical\" href=\"https:\/\/www.jakec.si\/de\/produkt\/das-romantische-verwohnen-des-konigs-fur-zwei\/\" \/>\n<meta property=\"og:locale\" content=\"de_DE\" \/>\n<meta property=\"og:type\" content=\"article\" \/>\n<meta property=\"og:title\" content=\"Das romantische Verw\u00f6hnen des K\u00f6nigs f\u00fcr zwei &#8211; Hotel Jakec\" \/>\n<meta property=\"og:description\" content=\"Whirlpool, Saunen (4 verschiedene), Sekt 0,2 l Obst und Tee \/ 1 Stunde &hellip; Weiterlesen\" \/>\n<meta property=\"og:url\" content=\"https:\/\/www.jakec.si\/de\/produkt\/das-romantische-verwohnen-des-konigs-fur-zwei\/\" \/>\n<meta property=\"og:site_name\" content=\"Hotel Jakec\" \/>\n<meta property=\"article:publisher\" content=\"https:\/\/www.facebook.com\/RTC-Jakec-TRIJE-KRALJI-Na-najlep%c5%a1i-strani-Pohorja-299304864208\/\" \/>\n<meta property=\"og:image\" content=\"https:\/\/www.jakec.si\/wp-content\/uploads\/2020\/12\/Kraljevo-razvajanje.png\" \/>\n\t<meta property=\"og:image:width\" content=\"940\" \/>\n\t<meta property=\"og:image:height\" content=\"788\" \/>\n\t<meta property=\"og:image:type\" content=\"image\/png\" \/>\n<meta name=\"twitter:card\" content=\"summary_large_image\" \/>\n<script type=\"application\/ld+json\" class=\"yoast-schema-graph\">{\"@context\":\"https:\\\/\\\/schema.org\",\"@graph\":[{\"@type\":\"WebPage\",\"@id\":\"https:\\\/\\\/www.jakec.si\\\/de\\\/produkt\\\/das-romantische-verwohnen-des-konigs-fur-zwei\\\/\",\"url\":\"https:\\\/\\\/www.jakec.si\\\/de\\\/produkt\\\/das-romantische-verwohnen-des-konigs-fur-zwei\\\/\",\"name\":\"Das romantische Verw\u00f6hnen des K\u00f6nigs f\u00fcr zwei &#8211; Hotel Jakec\",\"isPartOf\":{\"@id\":\"https:\\\/\\\/www.jakec.si\\\/#website\"},\"primaryImageOfPage\":{\"@id\":\"https:\\\/\\\/www.jakec.si\\\/de\\\/produkt\\\/das-romantische-verwohnen-des-konigs-fur-zwei\\\/#primaryimage\"},\"image\":{\"@id\":\"https:\\\/\\\/www.jakec.si\\\/de\\\/produkt\\\/das-romantische-verwohnen-des-konigs-fur-zwei\\\/#primaryimage\"},\"thumbnailUrl\":\"https:\\\/\\\/www.jakec.si\\\/wp-content\\\/uploads\\\/2020\\\/12\\\/Spletna-trgovina-slike-1.png\",\"datePublished\":\"2020-12-07T08:45:32+00:00\",\"breadcrumb\":{\"@id\":\"https:\\\/\\\/www.jakec.si\\\/de\\\/produkt\\\/das-romantische-verwohnen-des-konigs-fur-zwei\\\/#breadcrumb\"},\"inLanguage\":\"de\",\"potentialAction\":[{\"@type\":\"ReadAction\",\"target\":[\"https:\\\/\\\/www.jakec.si\\\/de\\\/produkt\\\/das-romantische-verwohnen-des-konigs-fur-zwei\\\/\"]}]},{\"@type\":\"ImageObject\",\"inLanguage\":\"de\",\"@id\":\"https:\\\/\\\/www.jakec.si\\\/de\\\/produkt\\\/das-romantische-verwohnen-des-konigs-fur-zwei\\\/#primaryimage\",\"url\":\"https:\\\/\\\/www.jakec.si\\\/wp-content\\\/uploads\\\/2020\\\/12\\\/Spletna-trgovina-slike-1.png\",\"contentUrl\":\"https:\\\/\\\/www.jakec.si\\\/wp-content\\\/uploads\\\/2020\\\/12\\\/Spletna-trgovina-slike-1.png\",\"width\":940,\"height\":788},{\"@type\":\"BreadcrumbList\",\"@id\":\"https:\\\/\\\/www.jakec.si\\\/de\\\/produkt\\\/das-romantische-verwohnen-des-konigs-fur-zwei\\\/#breadcrumb\",\"itemListElement\":[{\"@type\":\"ListItem\",\"position\":1,\"name\":\"Home\",\"item\":\"https:\\\/\\\/www.jakec.si\\\/\"},{\"@type\":\"ListItem\",\"position\":2,\"name\":\"Shop\",\"item\":\"https:\\\/\\\/www.jakec.si\\\/de\\\/shop\\\/\"},{\"@type\":\"ListItem\",\"position\":3,\"name\":\"Das romantische Verw\u00f6hnen des K\u00f6nigs f\u00fcr zwei\"}]},{\"@type\":\"WebSite\",\"@id\":\"https:\\\/\\\/www.jakec.si\\\/#website\",\"url\":\"https:\\\/\\\/www.jakec.si\\\/\",\"name\":\"Hotel Jakec\",\"description\":\"Familienhotel auf der sch\u00f6nsten Seite von Pohorje\",\"publisher\":{\"@id\":\"https:\\\/\\\/www.jakec.si\\\/#organization\"},\"potentialAction\":[{\"@type\":\"SearchAction\",\"target\":{\"@type\":\"EntryPoint\",\"urlTemplate\":\"https:\\\/\\\/www.jakec.si\\\/?s={search_term_string}\"},\"query-input\":{\"@type\":\"PropertyValueSpecification\",\"valueRequired\":true,\"valueName\":\"search_term_string\"}}],\"inLanguage\":\"de\"},{\"@type\":\"Organization\",\"@id\":\"https:\\\/\\\/www.jakec.si\\\/#organization\",\"name\":\"Hotel Jakec\",\"url\":\"https:\\\/\\\/www.jakec.si\\\/\",\"logo\":{\"@type\":\"ImageObject\",\"inLanguage\":\"de\",\"@id\":\"https:\\\/\\\/www.jakec.si\\\/#\\\/schema\\\/logo\\\/image\\\/\",\"url\":\"https:\\\/\\\/www.jakec.si\\\/wp-content\\\/uploads\\\/2020\\\/11\\\/jakec-logo.png\",\"contentUrl\":\"https:\\\/\\\/www.jakec.si\\\/wp-content\\\/uploads\\\/2020\\\/11\\\/jakec-logo.png\",\"width\":1112,\"height\":732,\"caption\":\"Hotel Jakec\"},\"image\":{\"@id\":\"https:\\\/\\\/www.jakec.si\\\/#\\\/schema\\\/logo\\\/image\\\/\"},\"sameAs\":[\"https:\\\/\\\/www.facebook.com\\\/RTC-Jakec-TRIJE-KRALJI-Na-najlep\u0161i-strani-Pohorja-299304864208\\\/\",\"https:\\\/\\\/www.youtube.com\\\/channel\\\/UCnxY6FwD-MTOuiuvESMKk7w\"]}]}<\/script>\n<!-- \/ Yoast SEO plugin. -->","yoast_head_json":{"title":"Das romantische Verw\u00f6hnen des K\u00f6nigs f\u00fcr zwei &#8211; Hotel Jakec","robots":{"index":"index","follow":"follow","max-snippet":"max-snippet:-1","max-image-preview":"max-image-preview:large","max-video-preview":"max-video-preview:-1"},"canonical":"https:\/\/www.jakec.si\/de\/produkt\/das-romantische-verwohnen-des-konigs-fur-zwei\/","og_locale":"de_DE","og_type":"article","og_title":"Das romantische Verw\u00f6hnen des K\u00f6nigs f\u00fcr zwei &#8211; Hotel Jakec","og_description":"Whirlpool, Saunen (4 verschiedene), Sekt 0,2 l Obst und Tee \/ 1 Stunde &hellip; Weiterlesen","og_url":"https:\/\/www.jakec.si\/de\/produkt\/das-romantische-verwohnen-des-konigs-fur-zwei\/","og_site_name":"Hotel Jakec","article_publisher":"https:\/\/www.facebook.com\/RTC-Jakec-TRIJE-KRALJI-Na-najlep%c5%a1i-strani-Pohorja-299304864208\/","og_image":[{"width":940,"height":788,"url":"https:\/\/www.jakec.si\/wp-content\/uploads\/2020\/12\/Kraljevo-razvajanje.png","type":"image\/png"}],"twitter_card":"summary_large_image","schema":{"@context":"https:\/\/schema.org","@graph":[{"@type":"WebPage","@id":"https:\/\/www.jakec.si\/de\/produkt\/das-romantische-verwohnen-des-konigs-fur-zwei\/","url":"https:\/\/www.jakec.si\/de\/produkt\/das-romantische-verwohnen-des-konigs-fur-zwei\/","name":"Das romantische Verw\u00f6hnen des K\u00f6nigs f\u00fcr zwei &#8211; Hotel Jakec","isPartOf":{"@id":"https:\/\/www.jakec.si\/#website"},"primaryImageOfPage":{"@id":"https:\/\/www.jakec.si\/de\/produkt\/das-romantische-verwohnen-des-konigs-fur-zwei\/#primaryimage"},"image":{"@id":"https:\/\/www.jakec.si\/de\/produkt\/das-romantische-verwohnen-des-konigs-fur-zwei\/#primaryimage"},"thumbnailUrl":"https:\/\/www.jakec.si\/wp-content\/uploads\/2020\/12\/Spletna-trgovina-slike-1.png","datePublished":"2020-12-07T08:45:32+00:00","breadcrumb":{"@id":"https:\/\/www.jakec.si\/de\/produkt\/das-romantische-verwohnen-des-konigs-fur-zwei\/#breadcrumb"},"inLanguage":"de","potentialAction":[{"@type":"ReadAction","target":["https:\/\/www.jakec.si\/de\/produkt\/das-romantische-verwohnen-des-konigs-fur-zwei\/"]}]},{"@type":"ImageObject","inLanguage":"de","@id":"https:\/\/www.jakec.si\/de\/produkt\/das-romantische-verwohnen-des-konigs-fur-zwei\/#primaryimage","url":"https:\/\/www.jakec.si\/wp-content\/uploads\/2020\/12\/Spletna-trgovina-slike-1.png","contentUrl":"https:\/\/www.jakec.si\/wp-content\/uploads\/2020\/12\/Spletna-trgovina-slike-1.png","width":940,"height":788},{"@type":"BreadcrumbList","@id":"https:\/\/www.jakec.si\/de\/produkt\/das-romantische-verwohnen-des-konigs-fur-zwei\/#breadcrumb","itemListElement":[{"@type":"ListItem","position":1,"name":"Home","item":"https:\/\/www.jakec.si\/"},{"@type":"ListItem","position":2,"name":"Shop","item":"https:\/\/www.jakec.si\/de\/shop\/"},{"@type":"ListItem","position":3,"name":"Das romantische Verw\u00f6hnen des K\u00f6nigs f\u00fcr zwei"}]},{"@type":"WebSite","@id":"https:\/\/www.jakec.si\/#website","url":"https:\/\/www.jakec.si\/","name":"Hotel Jakec","description":"Familienhotel auf der sch\u00f6nsten Seite von Pohorje","publisher":{"@id":"https:\/\/www.jakec.si\/#organization"},"potentialAction":[{"@type":"SearchAction","target":{"@type":"EntryPoint","urlTemplate":"https:\/\/www.jakec.si\/?s={search_term_string}"},"query-input":{"@type":"PropertyValueSpecification","valueRequired":true,"valueName":"search_term_string"}}],"inLanguage":"de"},{"@type":"Organization","@id":"https:\/\/www.jakec.si\/#organization","name":"Hotel Jakec","url":"https:\/\/www.jakec.si\/","logo":{"@type":"ImageObject","inLanguage":"de","@id":"https:\/\/www.jakec.si\/#\/schema\/logo\/image\/","url":"https:\/\/www.jakec.si\/wp-content\/uploads\/2020\/11\/jakec-logo.png","contentUrl":"https:\/\/www.jakec.si\/wp-content\/uploads\/2020\/11\/jakec-logo.png","width":1112,"height":732,"caption":"Hotel Jakec"},"image":{"@id":"https:\/\/www.jakec.si\/#\/schema\/logo\/image\/"},"sameAs":["https:\/\/www.facebook.com\/RTC-Jakec-TRIJE-KRALJI-Na-najlep\u0161i-strani-Pohorja-299304864208\/","https:\/\/www.youtube.com\/channel\/UCnxY6FwD-MTOuiuvESMKk7w"]}]}},"_links":{"self":[{"href":"https:\/\/www.jakec.si\/de\/wp-json\/wp\/v2\/product\/4426","targetHints":{"allow":["GET"]}}],"collection":[{"href":"https:\/\/www.jakec.si\/de\/wp-json\/wp\/v2\/product"}],"about":[{"href":"https:\/\/www.jakec.si\/de\/wp-json\/wp\/v2\/types\/product"}],"version-history":[{"count":0,"href":"https:\/\/www.jakec.si\/de\/wp-json\/wp\/v2\/product\/4426\/revisions"}],"wp:featuredmedia":[{"embeddable":true,"href":"https:\/\/www.jakec.si\/de\/wp-json\/wp\/v2\/media\/7275"}],"wp:attachment":[{"href":"https:\/\/www.jakec.si\/de\/wp-json\/wp\/v2\/media?parent=4426"}],"wp:term":[{"taxonomy":"product_brand","embeddable":true,"href":"https:\/\/www.jakec.si\/de\/wp-json\/wp\/v2\/product_brand?post=4426"},{"taxonomy":"product_cat","embeddable":true,"href":"https:\/\/www.jakec.si\/de\/wp-json\/wp\/v2\/product_cat?post=4426"},{"taxonomy":"product_tag","embeddable":true,"href":"https:\/\/www.jakec.si\/de\/wp-json\/wp\/v2\/product_tag?post=4426"}],"curies":[{"name":"wp","href":"https:\/\/api.w.org\/{rel}","templated":true}]}}