{"id":4461,"date":"2020-11-20T08:44:17","date_gmt":"2020-11-20T07:44:17","guid":{"rendered":"https:\/\/www.jakec.si\/izdelek\/skipass-taeglich\/"},"modified":"2025-12-01T00:00:51","modified_gmt":"2025-11-30T23:00:51","slug":"skipass-taeglich","status":"publish","type":"product","link":"https:\/\/www.jakec.si\/de\/produkt\/skipass-taeglich\/","title":{"rendered":"Skipass (t\u00e4glich)"},"content":{"rendered":"","protected":false},"excerpt":{"rendered":"<p> ALLE ERM\u00c4SSIGTEN TICKETS SIND BEI EINREICHUNG DES RELEVANTEN NACHWEISES, DOKUMENTS ODER STATUS G\u00dcLTIG. <\/ p><\/p>\n<p> T\u00e4glich im Voraus gekaufte Skip\u00e4sse gelten f\u00fcr zwei Skisaisonen. Saison- und Stundenkarten sind f\u00fcr eine Skisaison g\u00fcltig. <\/ P><\/p>\n<p> Skip\u00e4sse, die bereits ab der Skisaison 18\/19 und 19\/20 abgelaufen sind, k\u00f6nnen gegen Aufpreis umgetauscht werden. <\/ p><\/p>\n<p> Vorverkauf von Skip\u00e4ssen bis zum 01.12.2020. <\/ p> &hellip; <a href=\"https:\/\/www.jakec.si\/de\/produkt\/skipass-taeglich\/\">Weiterlesen<\/a><\/p>\n","protected":false},"featured_media":7438,"template":"","meta":[],"product_brand":[],"product_cat":[232],"product_tag":[141,142,143,146,140],"class_list":{"0":"post-4461","1":"product","2":"type-product","3":"status-publish","4":"has-post-thumbnail","6":"product_cat-skipaesse","7":"product_tag-erwachsene","8":"product_tag-kinder","9":"product_tag-skipass","10":"product_tag-studenten","11":"product_tag-taeglich","13":"first","14":"outofstock","15":"taxable","16":"shipping-taxable","17":"purchasable","18":"product-type-variable"},"yoast_head":"<!-- This site is optimized with the Yoast SEO plugin v27.5 - https:\/\/yoast.com\/product\/yoast-seo-wordpress\/ -->\n<title>Skipass (t\u00e4glich) &#8211; Hotel Jakec<\/title>\n<meta name=\"robots\" content=\"index, follow, max-snippet:-1, max-image-preview:large, max-video-preview:-1\" \/>\n<link rel=\"canonical\" href=\"https:\/\/www.jakec.si\/de\/produkt\/skipass-taeglich\/\" \/>\n<meta property=\"og:locale\" content=\"de_DE\" \/>\n<meta property=\"og:type\" content=\"article\" \/>\n<meta property=\"og:title\" content=\"Skipass (t\u00e4glich) &#8211; Hotel Jakec\" \/>\n<meta property=\"og:description\" content=\"ALLE ERM\u00c4SSIGTEN TICKETS SIND BEI EINREICHUNG DES RELEVANTEN NACHWEISES, DOKUMENTS ODER STATUS G\u00dcLTIG.  T\u00e4glich im Voraus gekaufte Skip\u00e4sse gelten f\u00fcr zwei Skisaisonen. Saison- und Stundenkarten sind f\u00fcr eine Skisaison g\u00fcltig.  Skip\u00e4sse, die bereits ab der Skisaison 18\/19 und 19\/20 abgelaufen sind, k\u00f6nnen gegen Aufpreis umgetauscht werden.  Vorverkauf von Skip\u00e4ssen bis zum 01.12.2020. &hellip; Weiterlesen\" \/>\n<meta property=\"og:url\" content=\"https:\/\/www.jakec.si\/de\/produkt\/skipass-taeglich\/\" \/>\n<meta property=\"og:site_name\" content=\"Hotel Jakec\" \/>\n<meta property=\"article:publisher\" content=\"https:\/\/www.facebook.com\/RTC-Jakec-TRIJE-KRALJI-Na-najlep%c5%a1i-strani-Pohorja-299304864208\/\" \/>\n<meta property=\"article:modified_time\" content=\"2025-11-30T23:00:51+00:00\" \/>\n<meta property=\"og:image\" content=\"https:\/\/www.jakec.si\/wp-content\/uploads\/2020\/11\/Spletna-trgovina-slike-5.png\" \/>\n\t<meta property=\"og:image:width\" content=\"940\" \/>\n\t<meta property=\"og:image:height\" content=\"788\" \/>\n\t<meta property=\"og:image:type\" content=\"image\/png\" \/>\n<meta name=\"twitter:card\" content=\"summary_large_image\" \/>\n<script type=\"application\/ld+json\" class=\"yoast-schema-graph\">{\"@context\":\"https:\\\/\\\/schema.org\",\"@graph\":[{\"@type\":\"WebPage\",\"@id\":\"https:\\\/\\\/www.jakec.si\\\/de\\\/produkt\\\/skipass-taeglich\\\/\",\"url\":\"https:\\\/\\\/www.jakec.si\\\/de\\\/produkt\\\/skipass-taeglich\\\/\",\"name\":\"Skipass (t\u00e4glich) &#8211; Hotel Jakec\",\"isPartOf\":{\"@id\":\"https:\\\/\\\/www.jakec.si\\\/#website\"},\"primaryImageOfPage\":{\"@id\":\"https:\\\/\\\/www.jakec.si\\\/de\\\/produkt\\\/skipass-taeglich\\\/#primaryimage\"},\"image\":{\"@id\":\"https:\\\/\\\/www.jakec.si\\\/de\\\/produkt\\\/skipass-taeglich\\\/#primaryimage\"},\"thumbnailUrl\":\"https:\\\/\\\/www.jakec.si\\\/wp-content\\\/uploads\\\/2020\\\/11\\\/Spletna-trgovina-slike-5.png\",\"datePublished\":\"2020-11-20T07:44:17+00:00\",\"dateModified\":\"2025-11-30T23:00:51+00:00\",\"breadcrumb\":{\"@id\":\"https:\\\/\\\/www.jakec.si\\\/de\\\/produkt\\\/skipass-taeglich\\\/#breadcrumb\"},\"inLanguage\":\"de\",\"potentialAction\":[{\"@type\":\"ReadAction\",\"target\":[\"https:\\\/\\\/www.jakec.si\\\/de\\\/produkt\\\/skipass-taeglich\\\/\"]}]},{\"@type\":\"ImageObject\",\"inLanguage\":\"de\",\"@id\":\"https:\\\/\\\/www.jakec.si\\\/de\\\/produkt\\\/skipass-taeglich\\\/#primaryimage\",\"url\":\"https:\\\/\\\/www.jakec.si\\\/wp-content\\\/uploads\\\/2020\\\/11\\\/Spletna-trgovina-slike-5.png\",\"contentUrl\":\"https:\\\/\\\/www.jakec.si\\\/wp-content\\\/uploads\\\/2020\\\/11\\\/Spletna-trgovina-slike-5.png\",\"width\":940,\"height\":788},{\"@type\":\"BreadcrumbList\",\"@id\":\"https:\\\/\\\/www.jakec.si\\\/de\\\/produkt\\\/skipass-taeglich\\\/#breadcrumb\",\"itemListElement\":[{\"@type\":\"ListItem\",\"position\":1,\"name\":\"Home\",\"item\":\"https:\\\/\\\/www.jakec.si\\\/\"},{\"@type\":\"ListItem\",\"position\":2,\"name\":\"Shop\",\"item\":\"https:\\\/\\\/www.jakec.si\\\/de\\\/shop\\\/\"},{\"@type\":\"ListItem\",\"position\":3,\"name\":\"Skipass (t\u00e4glich)\"}]},{\"@type\":\"WebSite\",\"@id\":\"https:\\\/\\\/www.jakec.si\\\/#website\",\"url\":\"https:\\\/\\\/www.jakec.si\\\/\",\"name\":\"Hotel Jakec\",\"description\":\"Familienhotel auf der sch\u00f6nsten Seite von Pohorje\",\"publisher\":{\"@id\":\"https:\\\/\\\/www.jakec.si\\\/#organization\"},\"potentialAction\":[{\"@type\":\"SearchAction\",\"target\":{\"@type\":\"EntryPoint\",\"urlTemplate\":\"https:\\\/\\\/www.jakec.si\\\/?s={search_term_string}\"},\"query-input\":{\"@type\":\"PropertyValueSpecification\",\"valueRequired\":true,\"valueName\":\"search_term_string\"}}],\"inLanguage\":\"de\"},{\"@type\":\"Organization\",\"@id\":\"https:\\\/\\\/www.jakec.si\\\/#organization\",\"name\":\"Hotel Jakec\",\"url\":\"https:\\\/\\\/www.jakec.si\\\/\",\"logo\":{\"@type\":\"ImageObject\",\"inLanguage\":\"de\",\"@id\":\"https:\\\/\\\/www.jakec.si\\\/#\\\/schema\\\/logo\\\/image\\\/\",\"url\":\"https:\\\/\\\/www.jakec.si\\\/wp-content\\\/uploads\\\/2020\\\/11\\\/jakec-logo.png\",\"contentUrl\":\"https:\\\/\\\/www.jakec.si\\\/wp-content\\\/uploads\\\/2020\\\/11\\\/jakec-logo.png\",\"width\":1112,\"height\":732,\"caption\":\"Hotel Jakec\"},\"image\":{\"@id\":\"https:\\\/\\\/www.jakec.si\\\/#\\\/schema\\\/logo\\\/image\\\/\"},\"sameAs\":[\"https:\\\/\\\/www.facebook.com\\\/RTC-Jakec-TRIJE-KRALJI-Na-najlep\u0161i-strani-Pohorja-299304864208\\\/\",\"https:\\\/\\\/www.youtube.com\\\/channel\\\/UCnxY6FwD-MTOuiuvESMKk7w\"]}]}<\/script>\n<!-- \/ Yoast SEO plugin. -->","yoast_head_json":{"title":"Skipass (t\u00e4glich) &#8211; Hotel Jakec","robots":{"index":"index","follow":"follow","max-snippet":"max-snippet:-1","max-image-preview":"max-image-preview:large","max-video-preview":"max-video-preview:-1"},"canonical":"https:\/\/www.jakec.si\/de\/produkt\/skipass-taeglich\/","og_locale":"de_DE","og_type":"article","og_title":"Skipass (t\u00e4glich) &#8211; Hotel Jakec","og_description":"ALLE ERM\u00c4SSIGTEN TICKETS SIND BEI EINREICHUNG DES RELEVANTEN NACHWEISES, DOKUMENTS ODER STATUS G\u00dcLTIG.  T\u00e4glich im Voraus gekaufte Skip\u00e4sse gelten f\u00fcr zwei Skisaisonen. Saison- und Stundenkarten sind f\u00fcr eine Skisaison g\u00fcltig.  Skip\u00e4sse, die bereits ab der Skisaison 18\/19 und 19\/20 abgelaufen sind, k\u00f6nnen gegen Aufpreis umgetauscht werden.  Vorverkauf von Skip\u00e4ssen bis zum 01.12.2020. &hellip; Weiterlesen","og_url":"https:\/\/www.jakec.si\/de\/produkt\/skipass-taeglich\/","og_site_name":"Hotel Jakec","article_publisher":"https:\/\/www.facebook.com\/RTC-Jakec-TRIJE-KRALJI-Na-najlep%c5%a1i-strani-Pohorja-299304864208\/","article_modified_time":"2025-11-30T23:00:51+00:00","og_image":[{"width":940,"height":788,"url":"https:\/\/www.jakec.si\/wp-content\/uploads\/2020\/11\/Spletna-trgovina-slike-5.png","type":"image\/png"}],"twitter_card":"summary_large_image","schema":{"@context":"https:\/\/schema.org","@graph":[{"@type":"WebPage","@id":"https:\/\/www.jakec.si\/de\/produkt\/skipass-taeglich\/","url":"https:\/\/www.jakec.si\/de\/produkt\/skipass-taeglich\/","name":"Skipass (t\u00e4glich) &#8211; Hotel Jakec","isPartOf":{"@id":"https:\/\/www.jakec.si\/#website"},"primaryImageOfPage":{"@id":"https:\/\/www.jakec.si\/de\/produkt\/skipass-taeglich\/#primaryimage"},"image":{"@id":"https:\/\/www.jakec.si\/de\/produkt\/skipass-taeglich\/#primaryimage"},"thumbnailUrl":"https:\/\/www.jakec.si\/wp-content\/uploads\/2020\/11\/Spletna-trgovina-slike-5.png","datePublished":"2020-11-20T07:44:17+00:00","dateModified":"2025-11-30T23:00:51+00:00","breadcrumb":{"@id":"https:\/\/www.jakec.si\/de\/produkt\/skipass-taeglich\/#breadcrumb"},"inLanguage":"de","potentialAction":[{"@type":"ReadAction","target":["https:\/\/www.jakec.si\/de\/produkt\/skipass-taeglich\/"]}]},{"@type":"ImageObject","inLanguage":"de","@id":"https:\/\/www.jakec.si\/de\/produkt\/skipass-taeglich\/#primaryimage","url":"https:\/\/www.jakec.si\/wp-content\/uploads\/2020\/11\/Spletna-trgovina-slike-5.png","contentUrl":"https:\/\/www.jakec.si\/wp-content\/uploads\/2020\/11\/Spletna-trgovina-slike-5.png","width":940,"height":788},{"@type":"BreadcrumbList","@id":"https:\/\/www.jakec.si\/de\/produkt\/skipass-taeglich\/#breadcrumb","itemListElement":[{"@type":"ListItem","position":1,"name":"Home","item":"https:\/\/www.jakec.si\/"},{"@type":"ListItem","position":2,"name":"Shop","item":"https:\/\/www.jakec.si\/de\/shop\/"},{"@type":"ListItem","position":3,"name":"Skipass (t\u00e4glich)"}]},{"@type":"WebSite","@id":"https:\/\/www.jakec.si\/#website","url":"https:\/\/www.jakec.si\/","name":"Hotel Jakec","description":"Familienhotel auf der sch\u00f6nsten Seite von Pohorje","publisher":{"@id":"https:\/\/www.jakec.si\/#organization"},"potentialAction":[{"@type":"SearchAction","target":{"@type":"EntryPoint","urlTemplate":"https:\/\/www.jakec.si\/?s={search_term_string}"},"query-input":{"@type":"PropertyValueSpecification","valueRequired":true,"valueName":"search_term_string"}}],"inLanguage":"de"},{"@type":"Organization","@id":"https:\/\/www.jakec.si\/#organization","name":"Hotel Jakec","url":"https:\/\/www.jakec.si\/","logo":{"@type":"ImageObject","inLanguage":"de","@id":"https:\/\/www.jakec.si\/#\/schema\/logo\/image\/","url":"https:\/\/www.jakec.si\/wp-content\/uploads\/2020\/11\/jakec-logo.png","contentUrl":"https:\/\/www.jakec.si\/wp-content\/uploads\/2020\/11\/jakec-logo.png","width":1112,"height":732,"caption":"Hotel Jakec"},"image":{"@id":"https:\/\/www.jakec.si\/#\/schema\/logo\/image\/"},"sameAs":["https:\/\/www.facebook.com\/RTC-Jakec-TRIJE-KRALJI-Na-najlep\u0161i-strani-Pohorja-299304864208\/","https:\/\/www.youtube.com\/channel\/UCnxY6FwD-MTOuiuvESMKk7w"]}]}},"_links":{"self":[{"href":"https:\/\/www.jakec.si\/de\/wp-json\/wp\/v2\/product\/4461","targetHints":{"allow":["GET"]}}],"collection":[{"href":"https:\/\/www.jakec.si\/de\/wp-json\/wp\/v2\/product"}],"about":[{"href":"https:\/\/www.jakec.si\/de\/wp-json\/wp\/v2\/types\/product"}],"version-history":[{"count":0,"href":"https:\/\/www.jakec.si\/de\/wp-json\/wp\/v2\/product\/4461\/revisions"}],"wp:featuredmedia":[{"embeddable":true,"href":"https:\/\/www.jakec.si\/de\/wp-json\/wp\/v2\/media\/7438"}],"wp:attachment":[{"href":"https:\/\/www.jakec.si\/de\/wp-json\/wp\/v2\/media?parent=4461"}],"wp:term":[{"taxonomy":"product_brand","embeddable":true,"href":"https:\/\/www.jakec.si\/de\/wp-json\/wp\/v2\/product_brand?post=4461"},{"taxonomy":"product_cat","embeddable":true,"href":"https:\/\/www.jakec.si\/de\/wp-json\/wp\/v2\/product_cat?post=4461"},{"taxonomy":"product_tag","embeddable":true,"href":"https:\/\/www.jakec.si\/de\/wp-json\/wp\/v2\/product_tag?post=4461"}],"curies":[{"name":"wp","href":"https:\/\/api.w.org\/{rel}","templated":true}]}}