{"id":4087,"date":"2020-12-21T18:13:07","date_gmt":"2020-12-21T17:13:07","guid":{"rendered":"https:\/\/www.jakec.si\/sports-activities\/"},"modified":"2020-12-21T18:13:07","modified_gmt":"2020-12-21T17:13:07","slug":"sports-activities","status":"publish","type":"page","link":"https:\/\/www.jakec.si\/en\/sports-activities\/","title":{"rendered":"Sports activities"},"content":{"rendered":"\t\t<div data-elementor-type=\"wp-page\" data-elementor-id=\"4087\" class=\"elementor elementor-4087 elementor-679\" data-elementor-post-type=\"page\">\n\t\t\t\t\t\t<section class=\"elementor-section elementor-top-section elementor-element elementor-element-3f92fbc0 elementor-section-full_width elementor-reverse-mobile elementor-section-height-default elementor-section-height-default\" data-id=\"3f92fbc0\" data-element_type=\"section\">\n\t\t\t\t\t\t<div class=\"elementor-container elementor-column-gap-default\">\n\t\t\t\t\t<div class=\"elementor-column elementor-col-50 elementor-top-column elementor-element elementor-element-5edfc3a7\" data-id=\"5edfc3a7\" data-element_type=\"column\" data-settings=\"{&quot;background_background&quot;:&quot;classic&quot;}\">\n\t\t\t<div class=\"elementor-widget-wrap elementor-element-populated\">\n\t\t\t\t\t\t<div class=\"elementor-element elementor-element-6f21b5c1 elementor-position-left elementor-view-default elementor-widget elementor-widget-themo-header\" data-id=\"6f21b5c1\" data-element_type=\"widget\" data-widget_type=\"themo-header.default\">\n\t\t\t\t<div class=\"elementor-widget-container\">\n\t\t\t\t\t<div class=\"th-header-wrap\">\n        <div class=\"elementor-icon-box-wrapper \">\n                            <div class=\"elementor-icon-box-content\">\n                    <h3 class=\"elementor-icon-box-title\">\n                        ZIMSKI \u0160PORTI                    <\/h3>\n                                        <p class=\"elementor-icon-box-description\">Od \u0161ole smu\u010danja do teka na smu\u010deh in raznih tekmovanj, na smu\u010di\u0161\u010du Jakec je mogo\u010de vse. Ponujamo tudi izposojo smu\u010darske opreme.<\/p>\n\n                                            <div class=\"th-btn-wrap\">\n                                                            <a class=\"btn-1 btn th-btn btn-standard-dark\" href=\"https:\/\/www.jakec.si\/en\/winter-sports\/\">\n                                                                            Read more                                                                    <\/a>\n                            \n                                                    <\/div>\n                                    <\/div>\n            <\/div>\n\n        <\/div>\n\n\t\t\t\t<\/div>\n\t\t\t\t<\/div>\n\t\t\t\t\t<\/div>\n\t\t<\/div>\n\t\t\t\t<div class=\"elementor-column elementor-col-50 elementor-top-column elementor-element elementor-element-647cd2f3\" data-id=\"647cd2f3\" data-element_type=\"column\" data-settings=\"{&quot;background_background&quot;:&quot;classic&quot;}\">\n\t\t\t<div class=\"elementor-widget-wrap elementor-element-populated\">\n\t\t\t\t\t\t<div class=\"elementor-element elementor-element-6f06fda2 elementor-widget elementor-widget-spacer\" data-id=\"6f06fda2\" data-element_type=\"widget\" data-widget_type=\"spacer.default\">\n\t\t\t\t<div class=\"elementor-widget-container\">\n\t\t\t\t\t<div class=\"elementor-spacer\">\n\t\t\t<div class=\"elementor-spacer-inner\"><\/div>\n\t\t<\/div>\n\t\t\t\t<\/div>\n\t\t\t\t<\/div>\n\t\t\t\t\t<\/div>\n\t\t<\/div>\n\t\t\t\t\t<\/div>\n\t\t<\/section>\n\t\t\t\t<section class=\"elementor-section elementor-top-section elementor-element elementor-element-4ef659ff elementor-section-full_width elementor-section-height-default elementor-section-height-default\" data-id=\"4ef659ff\" data-element_type=\"section\">\n\t\t\t\t\t\t<div class=\"elementor-container elementor-column-gap-default\">\n\t\t\t\t\t<div class=\"elementor-column elementor-col-50 elementor-top-column elementor-element elementor-element-792188a3\" data-id=\"792188a3\" data-element_type=\"column\" data-settings=\"{&quot;background_background&quot;:&quot;classic&quot;}\">\n\t\t\t<div class=\"elementor-widget-wrap elementor-element-populated\">\n\t\t\t\t\t<div class=\"elementor-background-overlay\"><\/div>\n\t\t\t\t\t\t<div class=\"elementor-element elementor-element-674a2da6 elementor-widget elementor-widget-menu-anchor\" data-id=\"674a2da6\" data-element_type=\"widget\" data-widget_type=\"menu-anchor.default\">\n\t\t\t\t<div class=\"elementor-widget-container\">\n\t\t\t\t\t<div class=\"elementor-menu-anchor\" id=\"more2\"><\/div>\n\t\t\t\t<\/div>\n\t\t\t\t<\/div>\n\t\t\t\t<div class=\"elementor-element elementor-element-225c49c5 elementor-widget elementor-widget-spacer\" data-id=\"225c49c5\" data-element_type=\"widget\" data-widget_type=\"spacer.default\">\n\t\t\t\t<div class=\"elementor-widget-container\">\n\t\t\t\t\t<div class=\"elementor-spacer\">\n\t\t\t<div class=\"elementor-spacer-inner\"><\/div>\n\t\t<\/div>\n\t\t\t\t<\/div>\n\t\t\t\t<\/div>\n\t\t\t\t\t<\/div>\n\t\t<\/div>\n\t\t\t\t<div class=\"elementor-column elementor-col-50 elementor-top-column elementor-element elementor-element-5bcbd4a7\" data-id=\"5bcbd4a7\" data-element_type=\"column\" data-settings=\"{&quot;background_background&quot;:&quot;classic&quot;}\">\n\t\t\t<div class=\"elementor-widget-wrap elementor-element-populated\">\n\t\t\t\t\t\t<div class=\"elementor-element elementor-element-44a19976 elementor-position-left elementor-view-default elementor-widget elementor-widget-themo-header\" data-id=\"44a19976\" data-element_type=\"widget\" data-widget_type=\"themo-header.default\">\n\t\t\t\t<div class=\"elementor-widget-container\">\n\t\t\t\t\t<div class=\"th-header-wrap\">\n        <div class=\"elementor-icon-box-wrapper \">\n                            <div class=\"elementor-icon-box-content\">\n                    <h3 class=\"elementor-icon-box-title\">\n                        HIKE TRAILS                    <\/h3>\n                                        <p class=\"elementor-icon-box-description\">Odpravite se na eno izmed 15 pripravljenih pohodni\u0161kih poti in raziskujte naravne lepote. Na poti vam pomaga tudi Ur\u0161ka in na\u0161a mobilna aplikacija.<\/p>\n\n                                            <div class=\"th-btn-wrap\">\n                                                            <a class=\"btn-1 btn th-btn btn-standard-dark\" href=\"https:\/\/www.jakec.si\/en\/hiking\/\">\n                                                                            Read more                                                                    <\/a>\n                            \n                                                    <\/div>\n                                    <\/div>\n            <\/div>\n\n        <\/div>\n\n\t\t\t\t<\/div>\n\t\t\t\t<\/div>\n\t\t\t\t\t<\/div>\n\t\t<\/div>\n\t\t\t\t\t<\/div>\n\t\t<\/section>\n\t\t\t\t<section class=\"elementor-section elementor-top-section elementor-element elementor-element-1a015077 elementor-section-full_width elementor-reverse-mobile elementor-section-height-default elementor-section-height-default\" data-id=\"1a015077\" data-element_type=\"section\">\n\t\t\t\t\t\t<div class=\"elementor-container elementor-column-gap-default\">\n\t\t\t\t\t<div class=\"elementor-column elementor-col-50 elementor-top-column elementor-element elementor-element-4af0696f\" data-id=\"4af0696f\" data-element_type=\"column\" data-settings=\"{&quot;background_background&quot;:&quot;classic&quot;}\">\n\t\t\t<div class=\"elementor-widget-wrap elementor-element-populated\">\n\t\t\t\t\t\t<div class=\"elementor-element elementor-element-2ceb0293 elementor-position-left elementor-view-default elementor-widget elementor-widget-themo-header\" data-id=\"2ceb0293\" data-element_type=\"widget\" data-widget_type=\"themo-header.default\">\n\t\t\t\t<div class=\"elementor-widget-container\">\n\t\t\t\t\t<div class=\"th-header-wrap\">\n        <div class=\"elementor-icon-box-wrapper \">\n                            <div class=\"elementor-icon-box-content\">\n                    <h3 class=\"elementor-icon-box-title\">\n                        KOLESARJENJE                    <\/h3>\n                                        <p class=\"elementor-icon-box-description\">Raje kolesarite? Odli\u010dno! Pripravili smo tudi 15 kolesarskih poti. Tudi te poti si lahko ogledate na na\u0161i mobilni aplikaciji, ki vam lahko slu\u017ei tudi kot navigacija.<\/p>\n\n                                            <div class=\"th-btn-wrap\">\n                                                            <a class=\"btn-1 btn th-btn btn-standard-dark\" href=\"\/jakec\/sportne-aktivnost\/kolesarjenje\">\n                                                                            Read more                                                                    <\/a>\n                            \n                                                    <\/div>\n                                    <\/div>\n            <\/div>\n\n        <\/div>\n\n\t\t\t\t<\/div>\n\t\t\t\t<\/div>\n\t\t\t\t\t<\/div>\n\t\t<\/div>\n\t\t\t\t<div class=\"elementor-column elementor-col-50 elementor-top-column elementor-element elementor-element-1d50aa81\" data-id=\"1d50aa81\" data-element_type=\"column\" data-settings=\"{&quot;background_background&quot;:&quot;classic&quot;}\">\n\t\t\t<div class=\"elementor-widget-wrap elementor-element-populated\">\n\t\t\t\t\t\t<div class=\"elementor-element elementor-element-510d61df elementor-widget elementor-widget-menu-anchor\" data-id=\"510d61df\" data-element_type=\"widget\" data-widget_type=\"menu-anchor.default\">\n\t\t\t\t<div class=\"elementor-widget-container\">\n\t\t\t\t\t<div class=\"elementor-menu-anchor\" id=\"more1\"><\/div>\n\t\t\t\t<\/div>\n\t\t\t\t<\/div>\n\t\t\t\t<div class=\"elementor-element elementor-element-35cc65eb elementor-widget elementor-widget-spacer\" data-id=\"35cc65eb\" data-element_type=\"widget\" data-widget_type=\"spacer.default\">\n\t\t\t\t<div class=\"elementor-widget-container\">\n\t\t\t\t\t<div class=\"elementor-spacer\">\n\t\t\t<div class=\"elementor-spacer-inner\"><\/div>\n\t\t<\/div>\n\t\t\t\t<\/div>\n\t\t\t\t<\/div>\n\t\t\t\t\t<\/div>\n\t\t<\/div>\n\t\t\t\t\t<\/div>\n\t\t<\/section>\n\t\t\t\t<section class=\"elementor-section elementor-top-section elementor-element elementor-element-304b946 elementor-section-boxed elementor-section-height-default elementor-section-height-default\" data-id=\"304b946\" data-element_type=\"section\" data-settings=\"{&quot;background_background&quot;:&quot;gradient&quot;}\">\n\t\t\t\t\t\t<div class=\"elementor-container elementor-column-gap-wider\">\n\t\t\t\t\t<div class=\"elementor-column elementor-col-100 elementor-top-column elementor-element elementor-element-51aec5b4\" data-id=\"51aec5b4\" data-element_type=\"column\">\n\t\t\t<div class=\"elementor-widget-wrap elementor-element-populated\">\n\t\t\t\t\t\t<div class=\"elementor-element elementor-element-3e596a9e elementor-widget elementor-widget-themo-call-to-action\" data-id=\"3e596a9e\" data-element_type=\"widget\" data-widget_type=\"themo-call-to-action.default\">\n\t\t\t\t<div class=\"elementor-widget-container\">\n\t\t\t\t\t<div class=\"th-cta\">\n\t\t\t\t\t        <div class=\"th-cta-text\">\n\t\t            <span>We can only be active for a while, and then we need a quality rest.<\/span>\n\t\t        <\/div>\n\t\t    \n                        <div class=\"th-cta-btn\">\n\n                                    <a class=\"btn-1 btn th-btn btn-ghost-light\" href=\"https:\/\/www.jakec.si\/namestitev\/\" target=\"_blank\">\n                                                    Check accommodations                                            <\/a>\n                \n                            <\/div>\n            \t\t<\/div>\n\t\t\t\t<\/div>\n\t\t\t\t<\/div>\n\t\t\t\t\t<\/div>\n\t\t<\/div>\n\t\t\t\t\t<\/div>\n\t\t<\/section>\n\t\t\t\t<section class=\"elementor-section elementor-top-section elementor-element elementor-element-655d8c4 elementor-section-full_width elementor-section-height-default elementor-section-height-default\" data-id=\"655d8c4\" data-element_type=\"section\">\n\t\t\t\t\t\t<div class=\"elementor-container elementor-column-gap-default\">\n\t\t\t\t\t<div class=\"elementor-column elementor-col-50 elementor-top-column elementor-element elementor-element-7dbf9d9\" data-id=\"7dbf9d9\" data-element_type=\"column\" data-settings=\"{&quot;background_background&quot;:&quot;classic&quot;}\">\n\t\t\t<div class=\"elementor-widget-wrap elementor-element-populated\">\n\t\t\t\t\t\t<div class=\"elementor-element elementor-element-e2c8d85 elementor-widget elementor-widget-spacer\" data-id=\"e2c8d85\" data-element_type=\"widget\" data-widget_type=\"spacer.default\">\n\t\t\t\t<div class=\"elementor-widget-container\">\n\t\t\t\t\t<div class=\"elementor-spacer\">\n\t\t\t<div class=\"elementor-spacer-inner\"><\/div>\n\t\t<\/div>\n\t\t\t\t<\/div>\n\t\t\t\t<\/div>\n\t\t\t\t\t<\/div>\n\t\t<\/div>\n\t\t\t\t<div class=\"elementor-column elementor-col-50 elementor-top-column elementor-element elementor-element-06beeac\" data-id=\"06beeac\" data-element_type=\"column\" data-settings=\"{&quot;background_background&quot;:&quot;classic&quot;}\">\n\t\t\t<div class=\"elementor-widget-wrap elementor-element-populated\">\n\t\t\t\t\t\t<div class=\"elementor-element elementor-element-b1e0eba elementor-position-left elementor-view-default elementor-widget elementor-widget-themo-header\" data-id=\"b1e0eba\" data-element_type=\"widget\" data-widget_type=\"themo-header.default\">\n\t\t\t\t<div class=\"elementor-widget-container\">\n\t\t\t\t\t<div class=\"th-header-wrap\">\n        <div class=\"elementor-icon-box-wrapper \">\n                            <div class=\"elementor-icon-box-content\">\n                    <h3 class=\"elementor-icon-box-title\">\n                        BOWLING                    <\/h3>\n                                        <p class=\"elementor-icon-box-description\">Za pozne ure ali privr\u017eence notranjih \u0161portov bo bowling Jakec odli\u010dna izbira! Opremljen je z 4 stezami, za sledenje to\u010dk pa skrbijo 4 LCD zasloni. Ponujamo tudi hrano in pija\u010do.<\/p>\n\n                                            <div class=\"th-btn-wrap\">\n                                                            <a class=\"btn-1 btn th-btn btn-standard-dark\" href=\"\/jakec\/sportne-aktivnost\/bowling\">\n                                                                            Read more                                                                    <\/a>\n                            \n                                                    <\/div>\n                                    <\/div>\n            <\/div>\n\n        <\/div>\n\n\t\t\t\t<\/div>\n\t\t\t\t<\/div>\n\t\t\t\t\t<\/div>\n\t\t<\/div>\n\t\t\t\t\t<\/div>\n\t\t<\/section>\n\t\t\t\t<section class=\"elementor-section elementor-top-section elementor-element elementor-element-7d78fc5 elementor-section-full_width elementor-reverse-mobile elementor-section-height-default elementor-section-height-default\" data-id=\"7d78fc5\" data-element_type=\"section\">\n\t\t\t\t\t\t<div class=\"elementor-container elementor-column-gap-default\">\n\t\t\t\t\t<div class=\"elementor-column elementor-col-50 elementor-top-column elementor-element elementor-element-73d4fa3a\" data-id=\"73d4fa3a\" data-element_type=\"column\" data-settings=\"{&quot;background_background&quot;:&quot;classic&quot;}\">\n\t\t\t<div class=\"elementor-widget-wrap elementor-element-populated\">\n\t\t\t\t\t\t<div class=\"elementor-element elementor-element-773bc788 elementor-position-left elementor-view-default elementor-widget elementor-widget-themo-header\" data-id=\"773bc788\" data-element_type=\"widget\" data-widget_type=\"themo-header.default\">\n\t\t\t\t<div class=\"elementor-widget-container\">\n\t\t\t\t\t<div class=\"th-header-wrap\">\n        <div class=\"elementor-icon-box-wrapper \">\n                            <div class=\"elementor-icon-box-content\">\n                    <h3 class=\"elementor-icon-box-title\">\n                        WELLNES                    <\/h3>\n                                        <p class=\"elementor-icon-box-description\">Po \u0161portni aktivnosti se vedno prilega po\u010ditek in sprostitev. Razvajajte se v na\u0161em wellnessu, ki nudi ravno to. Ponujamo tudi \u0161tevilne pakete, zaradi katerih je razvajanje v wellnessu Jakec vedno ugodno.<\/p>\n\n                                            <div class=\"th-btn-wrap\">\n                                                            <a class=\"btn-1 btn th-btn btn-standard-dark\" href=\"https:\/\/www.jakec.si\/en\/wellness\/\">\n                                                                            Read more                                                                    <\/a>\n                            \n                                                    <\/div>\n                                    <\/div>\n            <\/div>\n\n        <\/div>\n\n\t\t\t\t<\/div>\n\t\t\t\t<\/div>\n\t\t\t\t\t<\/div>\n\t\t<\/div>\n\t\t\t\t<div class=\"elementor-column elementor-col-50 elementor-top-column elementor-element elementor-element-6ac0c3a3\" data-id=\"6ac0c3a3\" data-element_type=\"column\" data-settings=\"{&quot;background_background&quot;:&quot;classic&quot;}\">\n\t\t\t<div class=\"elementor-widget-wrap elementor-element-populated\">\n\t\t\t\t\t\t<div class=\"elementor-element elementor-element-2504fa51 elementor-widget elementor-widget-menu-anchor\" data-id=\"2504fa51\" data-element_type=\"widget\" data-widget_type=\"menu-anchor.default\">\n\t\t\t\t<div class=\"elementor-widget-container\">\n\t\t\t\t\t<div class=\"elementor-menu-anchor\" id=\"what-to-see\"><\/div>\n\t\t\t\t<\/div>\n\t\t\t\t<\/div>\n\t\t\t\t<div class=\"elementor-element elementor-element-15442cb4 elementor-widget elementor-widget-spacer\" data-id=\"15442cb4\" data-element_type=\"widget\" data-widget_type=\"spacer.default\">\n\t\t\t\t<div class=\"elementor-widget-container\">\n\t\t\t\t\t<div class=\"elementor-spacer\">\n\t\t\t<div class=\"elementor-spacer-inner\"><\/div>\n\t\t<\/div>\n\t\t\t\t<\/div>\n\t\t\t\t<\/div>\n\t\t\t\t\t<\/div>\n\t\t<\/div>\n\t\t\t\t\t<\/div>\n\t\t<\/section>\n\t\t\t\t<\/div>\n\t\t","protected":false},"excerpt":{"rendered":"<p>ZIMSKI \u0160PORTI Od \u0161ole smu\u010danja do teka na smu\u010deh in raznih tekmovanj, na smu\u010di\u0161\u010du Jakec je mogo\u010de vse. Ponujamo tudi izposojo smu\u010darske opreme. Read more HIKE TRAILS Odpravite se na eno izmed 15 pripravljenih pohodni\u0161kih poti in raziskujte naravne lepote. &hellip; <a href=\"https:\/\/www.jakec.si\/en\/sports-activities\/\">Read More<\/a><\/p>\n","protected":false},"author":1,"featured_media":0,"parent":0,"menu_order":0,"comment_status":"closed","ping_status":"closed","template":"","meta":{"footnotes":""},"class_list":["post-4087","page","type-page","status-publish","hentry"],"yoast_head":"<!-- This site is optimized with the Yoast SEO plugin v27.5 - https:\/\/yoast.com\/product\/yoast-seo-wordpress\/ -->\n<title>Sports activities &#8211; Hotel Jakec<\/title>\n<meta name=\"robots\" content=\"index, follow, max-snippet:-1, max-image-preview:large, max-video-preview:-1\" \/>\n<link rel=\"canonical\" href=\"https:\/\/www.jakec.si\/en\/sports-activities\/\" \/>\n<meta property=\"og:locale\" content=\"en_US\" \/>\n<meta property=\"og:type\" content=\"article\" \/>\n<meta property=\"og:title\" content=\"Sports activities &#8211; Hotel Jakec\" \/>\n<meta property=\"og:description\" content=\"ZIMSKI \u0160PORTI Od \u0161ole smu\u010danja do teka na smu\u010deh in raznih tekmovanj, na smu\u010di\u0161\u010du Jakec je mogo\u010de vse. Ponujamo tudi izposojo smu\u010darske opreme. Read more HIKE TRAILS Odpravite se na eno izmed 15 pripravljenih pohodni\u0161kih poti in raziskujte naravne lepote. &hellip; Read More\" \/>\n<meta property=\"og:url\" content=\"https:\/\/www.jakec.si\/en\/sports-activities\/\" \/>\n<meta property=\"og:site_name\" content=\"Hotel Jakec\" \/>\n<meta property=\"article:publisher\" content=\"https:\/\/www.facebook.com\/RTC-Jakec-TRIJE-KRALJI-Na-najlep%c5%a1i-strani-Pohorja-299304864208\/\" \/>\n<meta name=\"twitter:card\" content=\"summary_large_image\" \/>\n<meta name=\"twitter:label1\" content=\"Est. reading time\" \/>\n\t<meta name=\"twitter:data1\" content=\"1 minute\" \/>\n<script type=\"application\/ld+json\" class=\"yoast-schema-graph\">{\"@context\":\"https:\\\/\\\/schema.org\",\"@graph\":[{\"@type\":\"WebPage\",\"@id\":\"https:\\\/\\\/www.jakec.si\\\/en\\\/sports-activities\\\/\",\"url\":\"https:\\\/\\\/www.jakec.si\\\/en\\\/sports-activities\\\/\",\"name\":\"Sports activities &#8211; Hotel Jakec\",\"isPartOf\":{\"@id\":\"https:\\\/\\\/www.jakec.si\\\/#website\"},\"datePublished\":\"2020-12-21T17:13:07+00:00\",\"breadcrumb\":{\"@id\":\"https:\\\/\\\/www.jakec.si\\\/en\\\/sports-activities\\\/#breadcrumb\"},\"inLanguage\":\"en-US\",\"potentialAction\":[{\"@type\":\"ReadAction\",\"target\":[\"https:\\\/\\\/www.jakec.si\\\/en\\\/sports-activities\\\/\"]}]},{\"@type\":\"BreadcrumbList\",\"@id\":\"https:\\\/\\\/www.jakec.si\\\/en\\\/sports-activities\\\/#breadcrumb\",\"itemListElement\":[{\"@type\":\"ListItem\",\"position\":1,\"name\":\"Home\",\"item\":\"https:\\\/\\\/www.jakec.si\\\/\"},{\"@type\":\"ListItem\",\"position\":2,\"name\":\"Sports activities\"}]},{\"@type\":\"WebSite\",\"@id\":\"https:\\\/\\\/www.jakec.si\\\/#website\",\"url\":\"https:\\\/\\\/www.jakec.si\\\/\",\"name\":\"Hotel Jakec\",\"description\":\"Family hotel on the most beautiful side of Pohorje\",\"publisher\":{\"@id\":\"https:\\\/\\\/www.jakec.si\\\/#organization\"},\"potentialAction\":[{\"@type\":\"SearchAction\",\"target\":{\"@type\":\"EntryPoint\",\"urlTemplate\":\"https:\\\/\\\/www.jakec.si\\\/?s={search_term_string}\"},\"query-input\":{\"@type\":\"PropertyValueSpecification\",\"valueRequired\":true,\"valueName\":\"search_term_string\"}}],\"inLanguage\":\"en-US\"},{\"@type\":\"Organization\",\"@id\":\"https:\\\/\\\/www.jakec.si\\\/#organization\",\"name\":\"Hotel Jakec\",\"url\":\"https:\\\/\\\/www.jakec.si\\\/\",\"logo\":{\"@type\":\"ImageObject\",\"inLanguage\":\"en-US\",\"@id\":\"https:\\\/\\\/www.jakec.si\\\/#\\\/schema\\\/logo\\\/image\\\/\",\"url\":\"https:\\\/\\\/www.jakec.si\\\/wp-content\\\/uploads\\\/2020\\\/11\\\/jakec-logo.png\",\"contentUrl\":\"https:\\\/\\\/www.jakec.si\\\/wp-content\\\/uploads\\\/2020\\\/11\\\/jakec-logo.png\",\"width\":1112,\"height\":732,\"caption\":\"Hotel Jakec\"},\"image\":{\"@id\":\"https:\\\/\\\/www.jakec.si\\\/#\\\/schema\\\/logo\\\/image\\\/\"},\"sameAs\":[\"https:\\\/\\\/www.facebook.com\\\/RTC-Jakec-TRIJE-KRALJI-Na-najlep\u0161i-strani-Pohorja-299304864208\\\/\",\"https:\\\/\\\/www.youtube.com\\\/channel\\\/UCnxY6FwD-MTOuiuvESMKk7w\"]}]}<\/script>\n<!-- \/ Yoast SEO plugin. -->","yoast_head_json":{"title":"Sports activities &#8211; Hotel Jakec","robots":{"index":"index","follow":"follow","max-snippet":"max-snippet:-1","max-image-preview":"max-image-preview:large","max-video-preview":"max-video-preview:-1"},"canonical":"https:\/\/www.jakec.si\/en\/sports-activities\/","og_locale":"en_US","og_type":"article","og_title":"Sports activities &#8211; Hotel Jakec","og_description":"ZIMSKI \u0160PORTI Od \u0161ole smu\u010danja do teka na smu\u010deh in raznih tekmovanj, na smu\u010di\u0161\u010du Jakec je mogo\u010de vse. Ponujamo tudi izposojo smu\u010darske opreme. Read more HIKE TRAILS Odpravite se na eno izmed 15 pripravljenih pohodni\u0161kih poti in raziskujte naravne lepote. &hellip; Read More","og_url":"https:\/\/www.jakec.si\/en\/sports-activities\/","og_site_name":"Hotel Jakec","article_publisher":"https:\/\/www.facebook.com\/RTC-Jakec-TRIJE-KRALJI-Na-najlep%c5%a1i-strani-Pohorja-299304864208\/","twitter_card":"summary_large_image","twitter_misc":{"Est. reading time":"1 minute"},"schema":{"@context":"https:\/\/schema.org","@graph":[{"@type":"WebPage","@id":"https:\/\/www.jakec.si\/en\/sports-activities\/","url":"https:\/\/www.jakec.si\/en\/sports-activities\/","name":"Sports activities &#8211; Hotel Jakec","isPartOf":{"@id":"https:\/\/www.jakec.si\/#website"},"datePublished":"2020-12-21T17:13:07+00:00","breadcrumb":{"@id":"https:\/\/www.jakec.si\/en\/sports-activities\/#breadcrumb"},"inLanguage":"en-US","potentialAction":[{"@type":"ReadAction","target":["https:\/\/www.jakec.si\/en\/sports-activities\/"]}]},{"@type":"BreadcrumbList","@id":"https:\/\/www.jakec.si\/en\/sports-activities\/#breadcrumb","itemListElement":[{"@type":"ListItem","position":1,"name":"Home","item":"https:\/\/www.jakec.si\/"},{"@type":"ListItem","position":2,"name":"Sports activities"}]},{"@type":"WebSite","@id":"https:\/\/www.jakec.si\/#website","url":"https:\/\/www.jakec.si\/","name":"Hotel Jakec","description":"Family hotel on the most beautiful side of Pohorje","publisher":{"@id":"https:\/\/www.jakec.si\/#organization"},"potentialAction":[{"@type":"SearchAction","target":{"@type":"EntryPoint","urlTemplate":"https:\/\/www.jakec.si\/?s={search_term_string}"},"query-input":{"@type":"PropertyValueSpecification","valueRequired":true,"valueName":"search_term_string"}}],"inLanguage":"en-US"},{"@type":"Organization","@id":"https:\/\/www.jakec.si\/#organization","name":"Hotel Jakec","url":"https:\/\/www.jakec.si\/","logo":{"@type":"ImageObject","inLanguage":"en-US","@id":"https:\/\/www.jakec.si\/#\/schema\/logo\/image\/","url":"https:\/\/www.jakec.si\/wp-content\/uploads\/2020\/11\/jakec-logo.png","contentUrl":"https:\/\/www.jakec.si\/wp-content\/uploads\/2020\/11\/jakec-logo.png","width":1112,"height":732,"caption":"Hotel Jakec"},"image":{"@id":"https:\/\/www.jakec.si\/#\/schema\/logo\/image\/"},"sameAs":["https:\/\/www.facebook.com\/RTC-Jakec-TRIJE-KRALJI-Na-najlep\u0161i-strani-Pohorja-299304864208\/","https:\/\/www.youtube.com\/channel\/UCnxY6FwD-MTOuiuvESMKk7w"]}]}},"_links":{"self":[{"href":"https:\/\/www.jakec.si\/en\/wp-json\/wp\/v2\/pages\/4087","targetHints":{"allow":["GET"]}}],"collection":[{"href":"https:\/\/www.jakec.si\/en\/wp-json\/wp\/v2\/pages"}],"about":[{"href":"https:\/\/www.jakec.si\/en\/wp-json\/wp\/v2\/types\/page"}],"author":[{"embeddable":true,"href":"https:\/\/www.jakec.si\/en\/wp-json\/wp\/v2\/users\/1"}],"replies":[{"embeddable":true,"href":"https:\/\/www.jakec.si\/en\/wp-json\/wp\/v2\/comments?post=4087"}],"version-history":[{"count":1,"href":"https:\/\/www.jakec.si\/en\/wp-json\/wp\/v2\/pages\/4087\/revisions"}],"predecessor-version":[{"id":4088,"href":"https:\/\/www.jakec.si\/en\/wp-json\/wp\/v2\/pages\/4087\/revisions\/4088"}],"wp:attachment":[{"href":"https:\/\/www.jakec.si\/en\/wp-json\/wp\/v2\/media?parent=4087"}],"curies":[{"name":"wp","href":"https:\/\/api.w.org\/{rel}","templated":true}]}}